{"id":5243,"date":"2015-10-21T17:46:28","date_gmt":"2015-10-21T19:46:28","guid":{"rendered":"http:\/\/sxpolitics.org\/ptbr\/?page_id=5243"},"modified":"2015-10-21T17:46:28","modified_gmt":"2015-10-21T19:46:28","slug":"link","status":"publish","type":"page","link":"https:\/\/sxpolitics.org\/ptbr\/link","title":{"rendered":"Links"},"content":{"rendered":"<p><a href=\"http:\/\/sxpolitics.org\/ptbr\/organizacoes-de-direitos-sexuais-e-reprodutivos\/5272\" target=\"_blank\" rel=\"noopener\">Organiza\u00e7\u00f5es de Direitos Sexuais e Reprodutivos<\/a><\/p>\n<p><a href=\"http:\/\/sxpolitics.org\/ptbr\/organizacoes-de-direitos-humanos\/5279\" target=\"_blank\" rel=\"noopener\">Organiza\u00e7\u00f5es de Direitos Humanos<\/a><\/p>\n<p><a href=\"http:\/\/sxpolitics.org\/ptbr\/?p=5261&amp;preview=true\" target=\"_blank\" rel=\"noopener\">Centros Acad\u00eamicos<\/a><\/p>\n<p><a href=\"http:\/\/sxpolitics.org\/ptbr\/?p=5242&amp;preview=true\" target=\"_blank\" rel=\"noopener\">Blogs<\/a><\/p>\n<p><a href=\"http:\/\/sxpolitics.org\/ptbr\/?p=5254&amp;preview=true\" target=\"_blank\" rel=\"noopener\">Portais de Not\u00edcias<\/a><\/p>\n<p><a href=\"http:\/\/sxpolitics.org\/ptbr\/?p=5263&amp;preview=true\" target=\"_blank\" rel=\"noopener\">Publica\u00e7\u00f5es<\/a><\/p>\n<p><a href=\"http:\/\/sxpolitics.org\/ptbr\/trabalho-sexual-e-direitos-humanos\/5294\" target=\"_blank\" rel=\"noopener\">Trabalho sexual e Direitos Humanos<\/a><\/p>\n<p>&nbsp;<\/p>\n<p>&nbsp;<\/p>\n<p>&nbsp;<\/p>\n<p>&nbsp;<\/p>\n","protected":false},"excerpt":{"rendered":"<p>Organiza\u00e7\u00f5es de Direitos Sexuais e Reprodutivos Organiza\u00e7\u00f5es de Direitos Humanos Centros Acad\u00eamicos Blogs Portais de Not\u00edcias Publica\u00e7\u00f5es Trabalho sexual e Direitos Humanos &nbsp; &nbsp; &nbsp;<\/p>\n","protected":false},"author":11,"featured_media":0,"parent":0,"menu_order":0,"comment_status":"closed","ping_status":"closed","template":"","meta":{"_acf_changed":false,"_monsterinsights_skip_tracking":false,"_monsterinsights_sitenote_active":false,"_monsterinsights_sitenote_note":"","_monsterinsights_sitenote_category":0,"footnotes":""},"class_list":["post-5243","page","type-page","status-publish"],"acf":[],"yoast_head":"<!-- This site is optimized with the Yoast SEO plugin v27.1.1 - https:\/\/yoast.com\/product\/yoast-seo-wordpress\/ -->\n<title>Links - Sexuality Policy Watch [PTBR]<\/title>\n<meta name=\"robots\" content=\"index, follow, max-snippet:-1, max-image-preview:large, max-video-preview:-1\" \/>\n<link rel=\"canonical\" href=\"https:\/\/sxpolitics.org\/ptbr\/link\" \/>\n<meta property=\"og:locale\" content=\"pt_BR\" \/>\n<meta property=\"og:type\" content=\"article\" \/>\n<meta property=\"og:title\" content=\"Links - Sexuality Policy Watch [PTBR]\" \/>\n<meta property=\"og:description\" content=\"Organiza\u00e7\u00f5es de Direitos Sexuais e Reprodutivos Organiza\u00e7\u00f5es de Direitos Humanos Centros Acad\u00eamicos Blogs Portais de Not\u00edcias Publica\u00e7\u00f5es Trabalho sexual e Direitos Humanos &nbsp; &nbsp; &nbsp;\" \/>\n<meta property=\"og:url\" content=\"https:\/\/sxpolitics.org\/ptbr\/link\" \/>\n<meta property=\"og:site_name\" content=\"Sexuality Policy Watch [PTBR]\" \/>\n<meta name=\"twitter:card\" content=\"summary_large_image\" \/>\n<script type=\"application\/ld+json\" class=\"yoast-schema-graph\">{\"@context\":\"https:\/\/schema.org\",\"@graph\":[{\"@type\":\"WebPage\",\"@id\":\"https:\/\/sxpolitics.org\/ptbr\/link\",\"url\":\"https:\/\/sxpolitics.org\/ptbr\/link\",\"name\":\"Links - Sexuality Policy Watch [PTBR]\",\"isPartOf\":{\"@id\":\"https:\/\/sxpolitics.org\/ptbr\/#website\"},\"datePublished\":\"2015-10-21T19:46:28+00:00\",\"breadcrumb\":{\"@id\":\"https:\/\/sxpolitics.org\/ptbr\/link#breadcrumb\"},\"inLanguage\":\"pt-BR\",\"potentialAction\":[{\"@type\":\"ReadAction\",\"target\":[\"https:\/\/sxpolitics.org\/ptbr\/link\"]}]},{\"@type\":\"BreadcrumbList\",\"@id\":\"https:\/\/sxpolitics.org\/ptbr\/link#breadcrumb\",\"itemListElement\":[{\"@type\":\"ListItem\",\"position\":1,\"name\":\"Home\",\"item\":\"https:\/\/sxpolitics.org\/ptbr\/\"},{\"@type\":\"ListItem\",\"position\":2,\"name\":\"Links\"}]},{\"@type\":\"WebSite\",\"@id\":\"https:\/\/sxpolitics.org\/ptbr\/#website\",\"url\":\"https:\/\/sxpolitics.org\/ptbr\/\",\"name\":\"Sexuality Policy Watch [PTBR]\",\"description\":\"Um f\u00f3rum global composto por pesquisadores e ativistas de uma ampla gama de pa\u00edses e regi\u00f5es do mundo sites\",\"publisher\":{\"@id\":\"https:\/\/sxpolitics.org\/ptbr\/#organization\"},\"potentialAction\":[{\"@type\":\"SearchAction\",\"target\":{\"@type\":\"EntryPoint\",\"urlTemplate\":\"https:\/\/sxpolitics.org\/ptbr\/?s={search_term_string}\"},\"query-input\":{\"@type\":\"PropertyValueSpecification\",\"valueRequired\":true,\"valueName\":\"search_term_string\"}}],\"inLanguage\":\"pt-BR\"},{\"@type\":\"Organization\",\"@id\":\"https:\/\/sxpolitics.org\/ptbr\/#organization\",\"name\":\"Sexuality Policy Watch [PTBR]\",\"url\":\"https:\/\/sxpolitics.org\/ptbr\/\",\"logo\":{\"@type\":\"ImageObject\",\"inLanguage\":\"pt-BR\",\"@id\":\"https:\/\/sxpolitics.org\/ptbr\/#\/schema\/logo\/image\/\",\"url\":\"https:\/\/sxpolitics.org\/ptbr\/wp-content\/uploads\/sites\/3\/2023\/06\/logo-site-1.png\",\"contentUrl\":\"https:\/\/sxpolitics.org\/ptbr\/wp-content\/uploads\/sites\/3\/2023\/06\/logo-site-1.png\",\"width\":4628,\"height\":1306,\"caption\":\"Sexuality Policy Watch [PTBR]\"},\"image\":{\"@id\":\"https:\/\/sxpolitics.org\/ptbr\/#\/schema\/logo\/image\/\"}}]}<\/script>\n<!-- \/ Yoast SEO plugin. -->","yoast_head_json":{"title":"Links - Sexuality Policy Watch [PTBR]","robots":{"index":"index","follow":"follow","max-snippet":"max-snippet:-1","max-image-preview":"max-image-preview:large","max-video-preview":"max-video-preview:-1"},"canonical":"https:\/\/sxpolitics.org\/ptbr\/link","og_locale":"pt_BR","og_type":"article","og_title":"Links - Sexuality Policy Watch [PTBR]","og_description":"Organiza\u00e7\u00f5es de Direitos Sexuais e Reprodutivos Organiza\u00e7\u00f5es de Direitos Humanos Centros Acad\u00eamicos Blogs Portais de Not\u00edcias Publica\u00e7\u00f5es Trabalho sexual e Direitos Humanos &nbsp; &nbsp; &nbsp;","og_url":"https:\/\/sxpolitics.org\/ptbr\/link","og_site_name":"Sexuality Policy Watch [PTBR]","twitter_card":"summary_large_image","schema":{"@context":"https:\/\/schema.org","@graph":[{"@type":"WebPage","@id":"https:\/\/sxpolitics.org\/ptbr\/link","url":"https:\/\/sxpolitics.org\/ptbr\/link","name":"Links - Sexuality Policy Watch [PTBR]","isPartOf":{"@id":"https:\/\/sxpolitics.org\/ptbr\/#website"},"datePublished":"2015-10-21T19:46:28+00:00","breadcrumb":{"@id":"https:\/\/sxpolitics.org\/ptbr\/link#breadcrumb"},"inLanguage":"pt-BR","potentialAction":[{"@type":"ReadAction","target":["https:\/\/sxpolitics.org\/ptbr\/link"]}]},{"@type":"BreadcrumbList","@id":"https:\/\/sxpolitics.org\/ptbr\/link#breadcrumb","itemListElement":[{"@type":"ListItem","position":1,"name":"Home","item":"https:\/\/sxpolitics.org\/ptbr\/"},{"@type":"ListItem","position":2,"name":"Links"}]},{"@type":"WebSite","@id":"https:\/\/sxpolitics.org\/ptbr\/#website","url":"https:\/\/sxpolitics.org\/ptbr\/","name":"Sexuality Policy Watch [PTBR]","description":"Um f\u00f3rum global composto por pesquisadores e ativistas de uma ampla gama de pa\u00edses e regi\u00f5es do mundo sites","publisher":{"@id":"https:\/\/sxpolitics.org\/ptbr\/#organization"},"potentialAction":[{"@type":"SearchAction","target":{"@type":"EntryPoint","urlTemplate":"https:\/\/sxpolitics.org\/ptbr\/?s={search_term_string}"},"query-input":{"@type":"PropertyValueSpecification","valueRequired":true,"valueName":"search_term_string"}}],"inLanguage":"pt-BR"},{"@type":"Organization","@id":"https:\/\/sxpolitics.org\/ptbr\/#organization","name":"Sexuality Policy Watch [PTBR]","url":"https:\/\/sxpolitics.org\/ptbr\/","logo":{"@type":"ImageObject","inLanguage":"pt-BR","@id":"https:\/\/sxpolitics.org\/ptbr\/#\/schema\/logo\/image\/","url":"https:\/\/sxpolitics.org\/ptbr\/wp-content\/uploads\/sites\/3\/2023\/06\/logo-site-1.png","contentUrl":"https:\/\/sxpolitics.org\/ptbr\/wp-content\/uploads\/sites\/3\/2023\/06\/logo-site-1.png","width":4628,"height":1306,"caption":"Sexuality Policy Watch [PTBR]"},"image":{"@id":"https:\/\/sxpolitics.org\/ptbr\/#\/schema\/logo\/image\/"}}]}},"_links":{"self":[{"href":"https:\/\/sxpolitics.org\/ptbr\/wp-json\/wp\/v2\/pages\/5243","targetHints":{"allow":["GET"]}}],"collection":[{"href":"https:\/\/sxpolitics.org\/ptbr\/wp-json\/wp\/v2\/pages"}],"about":[{"href":"https:\/\/sxpolitics.org\/ptbr\/wp-json\/wp\/v2\/types\/page"}],"author":[{"embeddable":true,"href":"https:\/\/sxpolitics.org\/ptbr\/wp-json\/wp\/v2\/users\/11"}],"replies":[{"embeddable":true,"href":"https:\/\/sxpolitics.org\/ptbr\/wp-json\/wp\/v2\/comments?post=5243"}],"version-history":[{"count":0,"href":"https:\/\/sxpolitics.org\/ptbr\/wp-json\/wp\/v2\/pages\/5243\/revisions"}],"wp:attachment":[{"href":"https:\/\/sxpolitics.org\/ptbr\/wp-json\/wp\/v2\/media?parent=5243"}],"curies":[{"name":"wp","href":"https:\/\/api.w.org\/{rel}","templated":true}]}}