{"id":5010,"date":"2015-09-15T22:05:42","date_gmt":"2015-09-15T22:05:42","guid":{"rendered":"http:\/\/sxpolitics.org\/ptbr\/?page_id=5010"},"modified":"2015-09-15T22:05:42","modified_gmt":"2015-09-15T22:05:42","slug":"analises-estrategicas","status":"publish","type":"page","link":"https:\/\/sxpolitics.org\/ptbr\/analises-estrategicas","title":{"rendered":"An\u00e1lises Estrat\u00e9gicas"},"content":{"rendered":"<p>Em 2015, o SPW come\u00e7ou um novo ciclo de an\u00e1lise global. O projeto foi intitulado <em><strong>Mapeando tend\u00eancias e tens\u00f5es da pol\u00edtica sexual global no s\u00e9culo XXI<\/strong>.\u00a0 <\/em>Conforme o t\u00edtulo sugere, a iniciativa tem como objetivo desenvolver avalia\u00e7\u00f5es cr\u00edticas das tend\u00eancias e mudan\u00e7as nos diversos dom\u00ednios da pol\u00edtica sexual (e da pol\u00edtica dos direitos sexuais, em particular) ocorridos durante os primeiros 15 anos do s\u00e9culo XXI, um per\u00edodo que coincide em proximidade com a trajet\u00f3ria do SPW desde o seu in\u00edcio em 2002 at\u00e9 o presente.<\/p>\n<p><a href=\"http:\/\/sxpolitics.org\/ptbr\/wp-content\/uploads\/sites\/3\/2016\/10\/SexPolitics-1-1024x524-1.jpg\"><img fetchpriority=\"high\" decoding=\"async\" class=\"wp-image-6804 size-large aligncenter\" src=\"http:\/\/sxpolitics.org\/ptbr\/wp-content\/uploads\/sites\/2\/2016\/10\/SexPolitics-1-1024x524-1024x524.jpg\" alt=\"sexpolitics-1-1024x524\" width=\"656\" height=\"336\" \/><\/a><\/p>\n<p>Nesse contexto, o SPW convidou um grupo de 30 pesquisadores e ativistas para escrever artigos abordando uma gama de t\u00f3picos na pol\u00edtica sexual. Uma reuni\u00e3o foi convocada para Durban, \u00c1frica do Sul, em julho de 2016, pouco antes da Confer\u00eancia Internacional de AIDS, e outros 11 parceiros foram convidados para participar como comentadores. Mark Gevisser, um dos comentadores, escreveu uma <a href=\"http:\/\/sxpolitics.org\/ptbr\/tendencias-globais-na-politica-sexual-contemporanea\/6801\" target=\"_blank\" rel=\"noopener\">an\u00e1lise instigante<\/a> sobre os debates em Durban. O projeto continuar\u00e1 em desenvolvimento at\u00e9 2017.<\/p>\n<p>Em 2013, o SPW realizou em colabora\u00e7\u00e3o com seus parceiros uma nova linha de pesquisa que examina as intersec\u00e7\u00f5es entre tend\u00eancias geopol\u00edticas \u2013 aglutinadas em torno de pa\u00edses emergentes como Brasil, China, \u00cdndia e \u00c1frica do Sul \u2013 e a pol\u00edtica de direitos humanos e sexualidade. Os resultados desse esfor\u00e7o est\u00e3o registrados no <a href=\"http:\/\/sxpolitics.org\/ptbr\/working-paper-no-10-potencias-emergentes-seriam-as-questoes-de-sexualidade-e-os-direitos-humanos-um-assunto-secundario\/5054\" target=\"_blank\" rel=\"noopener\">Working Paper n\u00ba 10<\/a> e em uma s\u00e9rie de v\u00eddeos registrados nos <a href=\"http:\/\/sxpolitics.org\/ptbr\/novos-produtos-spw\/5017\" target=\"_blank\" rel=\"noopener\">Di\u00e1logos em Desenvolvimento da Sociedade Civil<\/a>, paralelo ao VI Encontro Brics em Fortaleza, Brasil (julho 2014).<\/p>\n<p><img decoding=\"async\" class=\"aligncenter size-full wp-image-11354\" src=\"http:\/\/sxpolitics.org\/wp-content\/uploads\/2015\/04\/spw-publications.jpg\" alt=\"spw-publications\" width=\"700\" height=\"267\" \/><br \/>\n<strong>Outros produtos (em ingl\u00eas e espanhol)<\/strong><\/p>\n<p>Entre 2004 e 2007, o SPW realizou um primeiro esfor\u00e7o global de pesquisa. Examinou a din\u00e2mica da pol\u00edtica sexual em oito pa\u00edses \u2013 Brasil, Egito, \u00cdndia, Peru, Pol\u00f4nia, \u00c1frica do Sul, Turquia e Vietn\u00e3 \u2013 e duas institui\u00e7\u00f5es globais: Na\u00e7\u00f5es Unidas e Banco Mundial, o que resultou no livro <a href=\"http:\/\/www.sxpolitics.org\/frontlines\/home\/index.php\">SexPolitics: Reports from the Frontlines<\/a>, tamb\u00e9m dispon\u00edvel em espanhol &#8211; <a href=\"http:\/\/www.sxpolitics.org\/frontlines\/espanol\/home\/index.php\">Pol\u00edticas sobre Sexualidad: Reportes desde las l\u00edneas del frente<\/a>.<\/p>\n<p>Enquanto essa pesquisa evoluiu, Sonia Corr\u00eaa, Richard Parker e Rosalind Petchesky estiveram engajados em um projeto paralelo que resultou no livro <a href=\"http:\/\/sxpolitics.org\/sexuality-health-and-human-rights\/969\"> Sexuality, Health and Human Rights<\/a>, publicado pela Routledge em 2008.<\/p>\n<p>Um terceiro esfor\u00e7o global de pesquisa realizado pelo SPW englobou os Di\u00e1logos Regionais em Sexualidade e (Geo)Pol\u00edtica na \u00c1sia, Am\u00e9rica Latina e \u00c1frica, al\u00e9m de um di\u00e1logo inter-regional. Desse esfor\u00e7o surgiram dois e-books: <a href=\"http:\/\/www.sxpolitics.org\/sexuality-and-politics\/\">Sexuality and Politics: Regional Dialogues from the Global South Vol. II and Vol. II<\/a>.<\/p>\n<p>Tend\u00eancias relevantes em pol\u00edtica sexual nacional e transnacional tamb\u00e9m s\u00e3o exploradas atrav\u00e9s de an\u00e1lises cr\u00edticas peri\u00f3dicas oferecidas pela <a href=\"http:\/\/sxpolitics.org\/ptbr\/categoria\/biblioteca\/newsletters\" target=\"_blank\" rel=\"noopener\">Newsletter SPW<\/a>. Os <a href=\"http:\/\/sxpolitics.org\/category\/library\/working-papers\" target=\"_blank\" rel=\"noopener\">Working Papers<\/a> re\u00fanem artigos e ensaios que tratam de assuntos espec\u00edficos em pesquisa sobre sexualidade, debates sobre pol\u00edticas p\u00fablicas e tend\u00eancias espec\u00edfica de pa\u00edses escritos por nossos parceiros e colaboradores.<\/p>\n","protected":false},"excerpt":{"rendered":"<p>Em 2015, o SPW come\u00e7ou um novo ciclo de an\u00e1lise global. O projeto foi intitulado Mapeando tend\u00eancias e tens\u00f5es da pol\u00edtica sexual global no s\u00e9culo<\/p>\n","protected":false},"author":1,"featured_media":0,"parent":0,"menu_order":0,"comment_status":"closed","ping_status":"closed","template":"","meta":{"_acf_changed":false,"_monsterinsights_skip_tracking":false,"_monsterinsights_sitenote_active":false,"_monsterinsights_sitenote_note":"","_monsterinsights_sitenote_category":0,"footnotes":""},"class_list":["post-5010","page","type-page","status-publish"],"acf":[],"yoast_head":"<!-- This site is optimized with the Yoast SEO plugin v27.1.1 - https:\/\/yoast.com\/product\/yoast-seo-wordpress\/ -->\n<title>An\u00e1lises Estrat\u00e9gicas - Sexuality Policy Watch [PTBR]<\/title>\n<meta name=\"robots\" content=\"index, follow, max-snippet:-1, max-image-preview:large, max-video-preview:-1\" \/>\n<link rel=\"canonical\" href=\"https:\/\/sxpolitics.org\/ptbr\/analises-estrategicas\" \/>\n<meta property=\"og:locale\" content=\"pt_BR\" \/>\n<meta property=\"og:type\" content=\"article\" \/>\n<meta property=\"og:title\" content=\"An\u00e1lises Estrat\u00e9gicas - Sexuality Policy Watch [PTBR]\" \/>\n<meta property=\"og:description\" content=\"Em 2015, o SPW come\u00e7ou um novo ciclo de an\u00e1lise global. O projeto foi intitulado Mapeando tend\u00eancias e tens\u00f5es da pol\u00edtica sexual global no s\u00e9culo\" \/>\n<meta property=\"og:url\" content=\"https:\/\/sxpolitics.org\/ptbr\/analises-estrategicas\" \/>\n<meta property=\"og:site_name\" content=\"Sexuality Policy Watch [PTBR]\" \/>\n<meta property=\"og:image\" content=\"http:\/\/sxpolitics.org\/ptbr\/wp-content\/uploads\/sites\/2\/2016\/10\/SexPolitics-1-1024x524-1024x524.jpg\" \/>\n<meta name=\"twitter:card\" content=\"summary_large_image\" \/>\n<meta name=\"twitter:label1\" content=\"Est. tempo de leitura\" \/>\n\t<meta name=\"twitter:data1\" content=\"2 minutos\" \/>\n<script type=\"application\/ld+json\" class=\"yoast-schema-graph\">{\"@context\":\"https:\/\/schema.org\",\"@graph\":[{\"@type\":\"WebPage\",\"@id\":\"https:\/\/sxpolitics.org\/ptbr\/analises-estrategicas\",\"url\":\"https:\/\/sxpolitics.org\/ptbr\/analises-estrategicas\",\"name\":\"An\u00e1lises Estrat\u00e9gicas - Sexuality Policy Watch [PTBR]\",\"isPartOf\":{\"@id\":\"https:\/\/sxpolitics.org\/ptbr\/#website\"},\"primaryImageOfPage\":{\"@id\":\"https:\/\/sxpolitics.org\/ptbr\/analises-estrategicas#primaryimage\"},\"image\":{\"@id\":\"https:\/\/sxpolitics.org\/ptbr\/analises-estrategicas#primaryimage\"},\"thumbnailUrl\":\"http:\/\/sxpolitics.org\/ptbr\/wp-content\/uploads\/sites\/2\/2016\/10\/SexPolitics-1-1024x524-1024x524.jpg\",\"datePublished\":\"2015-09-15T22:05:42+00:00\",\"breadcrumb\":{\"@id\":\"https:\/\/sxpolitics.org\/ptbr\/analises-estrategicas#breadcrumb\"},\"inLanguage\":\"pt-BR\",\"potentialAction\":[{\"@type\":\"ReadAction\",\"target\":[\"https:\/\/sxpolitics.org\/ptbr\/analises-estrategicas\"]}]},{\"@type\":\"ImageObject\",\"inLanguage\":\"pt-BR\",\"@id\":\"https:\/\/sxpolitics.org\/ptbr\/analises-estrategicas#primaryimage\",\"url\":\"http:\/\/sxpolitics.org\/ptbr\/wp-content\/uploads\/sites\/2\/2016\/10\/SexPolitics-1-1024x524-1024x524.jpg\",\"contentUrl\":\"http:\/\/sxpolitics.org\/ptbr\/wp-content\/uploads\/sites\/2\/2016\/10\/SexPolitics-1-1024x524-1024x524.jpg\"},{\"@type\":\"BreadcrumbList\",\"@id\":\"https:\/\/sxpolitics.org\/ptbr\/analises-estrategicas#breadcrumb\",\"itemListElement\":[{\"@type\":\"ListItem\",\"position\":1,\"name\":\"Home\",\"item\":\"https:\/\/sxpolitics.org\/ptbr\/\"},{\"@type\":\"ListItem\",\"position\":2,\"name\":\"An\u00e1lises Estrat\u00e9gicas\"}]},{\"@type\":\"WebSite\",\"@id\":\"https:\/\/sxpolitics.org\/ptbr\/#website\",\"url\":\"https:\/\/sxpolitics.org\/ptbr\/\",\"name\":\"Sexuality Policy Watch [PTBR]\",\"description\":\"Um f\u00f3rum global composto por pesquisadores e ativistas de uma ampla gama de pa\u00edses e regi\u00f5es do mundo sites\",\"publisher\":{\"@id\":\"https:\/\/sxpolitics.org\/ptbr\/#organization\"},\"potentialAction\":[{\"@type\":\"SearchAction\",\"target\":{\"@type\":\"EntryPoint\",\"urlTemplate\":\"https:\/\/sxpolitics.org\/ptbr\/?s={search_term_string}\"},\"query-input\":{\"@type\":\"PropertyValueSpecification\",\"valueRequired\":true,\"valueName\":\"search_term_string\"}}],\"inLanguage\":\"pt-BR\"},{\"@type\":\"Organization\",\"@id\":\"https:\/\/sxpolitics.org\/ptbr\/#organization\",\"name\":\"Sexuality Policy Watch [PTBR]\",\"url\":\"https:\/\/sxpolitics.org\/ptbr\/\",\"logo\":{\"@type\":\"ImageObject\",\"inLanguage\":\"pt-BR\",\"@id\":\"https:\/\/sxpolitics.org\/ptbr\/#\/schema\/logo\/image\/\",\"url\":\"https:\/\/sxpolitics.org\/ptbr\/wp-content\/uploads\/sites\/3\/2023\/06\/logo-site-1.png\",\"contentUrl\":\"https:\/\/sxpolitics.org\/ptbr\/wp-content\/uploads\/sites\/3\/2023\/06\/logo-site-1.png\",\"width\":4628,\"height\":1306,\"caption\":\"Sexuality Policy Watch [PTBR]\"},\"image\":{\"@id\":\"https:\/\/sxpolitics.org\/ptbr\/#\/schema\/logo\/image\/\"}}]}<\/script>\n<!-- \/ Yoast SEO plugin. -->","yoast_head_json":{"title":"An\u00e1lises Estrat\u00e9gicas - Sexuality Policy Watch [PTBR]","robots":{"index":"index","follow":"follow","max-snippet":"max-snippet:-1","max-image-preview":"max-image-preview:large","max-video-preview":"max-video-preview:-1"},"canonical":"https:\/\/sxpolitics.org\/ptbr\/analises-estrategicas","og_locale":"pt_BR","og_type":"article","og_title":"An\u00e1lises Estrat\u00e9gicas - Sexuality Policy Watch [PTBR]","og_description":"Em 2015, o SPW come\u00e7ou um novo ciclo de an\u00e1lise global. O projeto foi intitulado Mapeando tend\u00eancias e tens\u00f5es da pol\u00edtica sexual global no s\u00e9culo","og_url":"https:\/\/sxpolitics.org\/ptbr\/analises-estrategicas","og_site_name":"Sexuality Policy Watch [PTBR]","og_image":[{"url":"http:\/\/sxpolitics.org\/ptbr\/wp-content\/uploads\/sites\/2\/2016\/10\/SexPolitics-1-1024x524-1024x524.jpg","type":"","width":"","height":""}],"twitter_card":"summary_large_image","twitter_misc":{"Est. tempo de leitura":"2 minutos"},"schema":{"@context":"https:\/\/schema.org","@graph":[{"@type":"WebPage","@id":"https:\/\/sxpolitics.org\/ptbr\/analises-estrategicas","url":"https:\/\/sxpolitics.org\/ptbr\/analises-estrategicas","name":"An\u00e1lises Estrat\u00e9gicas - Sexuality Policy Watch [PTBR]","isPartOf":{"@id":"https:\/\/sxpolitics.org\/ptbr\/#website"},"primaryImageOfPage":{"@id":"https:\/\/sxpolitics.org\/ptbr\/analises-estrategicas#primaryimage"},"image":{"@id":"https:\/\/sxpolitics.org\/ptbr\/analises-estrategicas#primaryimage"},"thumbnailUrl":"http:\/\/sxpolitics.org\/ptbr\/wp-content\/uploads\/sites\/2\/2016\/10\/SexPolitics-1-1024x524-1024x524.jpg","datePublished":"2015-09-15T22:05:42+00:00","breadcrumb":{"@id":"https:\/\/sxpolitics.org\/ptbr\/analises-estrategicas#breadcrumb"},"inLanguage":"pt-BR","potentialAction":[{"@type":"ReadAction","target":["https:\/\/sxpolitics.org\/ptbr\/analises-estrategicas"]}]},{"@type":"ImageObject","inLanguage":"pt-BR","@id":"https:\/\/sxpolitics.org\/ptbr\/analises-estrategicas#primaryimage","url":"http:\/\/sxpolitics.org\/ptbr\/wp-content\/uploads\/sites\/2\/2016\/10\/SexPolitics-1-1024x524-1024x524.jpg","contentUrl":"http:\/\/sxpolitics.org\/ptbr\/wp-content\/uploads\/sites\/2\/2016\/10\/SexPolitics-1-1024x524-1024x524.jpg"},{"@type":"BreadcrumbList","@id":"https:\/\/sxpolitics.org\/ptbr\/analises-estrategicas#breadcrumb","itemListElement":[{"@type":"ListItem","position":1,"name":"Home","item":"https:\/\/sxpolitics.org\/ptbr\/"},{"@type":"ListItem","position":2,"name":"An\u00e1lises Estrat\u00e9gicas"}]},{"@type":"WebSite","@id":"https:\/\/sxpolitics.org\/ptbr\/#website","url":"https:\/\/sxpolitics.org\/ptbr\/","name":"Sexuality Policy Watch [PTBR]","description":"Um f\u00f3rum global composto por pesquisadores e ativistas de uma ampla gama de pa\u00edses e regi\u00f5es do mundo sites","publisher":{"@id":"https:\/\/sxpolitics.org\/ptbr\/#organization"},"potentialAction":[{"@type":"SearchAction","target":{"@type":"EntryPoint","urlTemplate":"https:\/\/sxpolitics.org\/ptbr\/?s={search_term_string}"},"query-input":{"@type":"PropertyValueSpecification","valueRequired":true,"valueName":"search_term_string"}}],"inLanguage":"pt-BR"},{"@type":"Organization","@id":"https:\/\/sxpolitics.org\/ptbr\/#organization","name":"Sexuality Policy Watch [PTBR]","url":"https:\/\/sxpolitics.org\/ptbr\/","logo":{"@type":"ImageObject","inLanguage":"pt-BR","@id":"https:\/\/sxpolitics.org\/ptbr\/#\/schema\/logo\/image\/","url":"https:\/\/sxpolitics.org\/ptbr\/wp-content\/uploads\/sites\/3\/2023\/06\/logo-site-1.png","contentUrl":"https:\/\/sxpolitics.org\/ptbr\/wp-content\/uploads\/sites\/3\/2023\/06\/logo-site-1.png","width":4628,"height":1306,"caption":"Sexuality Policy Watch [PTBR]"},"image":{"@id":"https:\/\/sxpolitics.org\/ptbr\/#\/schema\/logo\/image\/"}}]}},"_links":{"self":[{"href":"https:\/\/sxpolitics.org\/ptbr\/wp-json\/wp\/v2\/pages\/5010","targetHints":{"allow":["GET"]}}],"collection":[{"href":"https:\/\/sxpolitics.org\/ptbr\/wp-json\/wp\/v2\/pages"}],"about":[{"href":"https:\/\/sxpolitics.org\/ptbr\/wp-json\/wp\/v2\/types\/page"}],"author":[{"embeddable":true,"href":"https:\/\/sxpolitics.org\/ptbr\/wp-json\/wp\/v2\/users\/1"}],"replies":[{"embeddable":true,"href":"https:\/\/sxpolitics.org\/ptbr\/wp-json\/wp\/v2\/comments?post=5010"}],"version-history":[{"count":0,"href":"https:\/\/sxpolitics.org\/ptbr\/wp-json\/wp\/v2\/pages\/5010\/revisions"}],"wp:attachment":[{"href":"https:\/\/sxpolitics.org\/ptbr\/wp-json\/wp\/v2\/media?parent=5010"}],"curies":[{"name":"wp","href":"https:\/\/api.w.org\/{rel}","templated":true}]}}