{"id":4985,"date":"2015-08-27T23:38:43","date_gmt":"2015-08-28T02:38:43","guid":{"rendered":"http:\/\/sxpolitics.org\/ptbr\/?page_id=4985"},"modified":"2026-01-07T16:21:28","modified_gmt":"2026-01-07T19:21:28","slug":"sobre-spw","status":"publish","type":"page","link":"https:\/\/sxpolitics.org\/ptbr\/sobre-spw","title":{"rendered":"SPW"},"content":{"rendered":"\t\t<div data-elementor-type=\"wp-page\" data-elementor-id=\"4985\" class=\"elementor elementor-4985\" data-elementor-settings=\"{&quot;ha_cmc_init_switcher&quot;:&quot;no&quot;}\">\n\t\t\t\t\t\t<section class=\"elementor-section elementor-top-section elementor-element elementor-element-421b87f elementor-section-full_width elementor-section-stretched elementor-section-height-default elementor-section-height-default\" data-id=\"421b87f\" data-element_type=\"section\" data-e-type=\"section\" data-settings=\"{&quot;background_background&quot;:&quot;classic&quot;,&quot;stretch_section&quot;:&quot;section-stretched&quot;,&quot;_ha_eqh_enable&quot;:false}\">\n\t\t\t\t\t\t\t<div class=\"elementor-background-overlay\"><\/div>\n\t\t\t\t\t\t\t<div class=\"elementor-container elementor-column-gap-no\">\n\t\t\t\t\t<div class=\"elementor-column elementor-col-100 elementor-top-column elementor-element elementor-element-74c225a\" data-id=\"74c225a\" data-element_type=\"column\" data-e-type=\"column\">\n\t\t\t<div class=\"elementor-widget-wrap elementor-element-populated\">\n\t\t\t\t\t\t<section class=\"elementor-section elementor-inner-section elementor-element elementor-element-d4c461c elementor-section-boxed elementor-section-height-default elementor-section-height-default\" data-id=\"d4c461c\" data-element_type=\"section\" data-e-type=\"section\" data-settings=\"{&quot;_ha_eqh_enable&quot;:false}\">\n\t\t\t\t\t\t\t<div class=\"elementor-background-overlay\"><\/div>\n\t\t\t\t\t\t\t<div class=\"elementor-container elementor-column-gap-default\">\n\t\t\t\t\t<div class=\"elementor-column elementor-col-50 elementor-inner-column elementor-element elementor-element-568cbde\" data-id=\"568cbde\" data-element_type=\"column\" data-e-type=\"column\">\n\t\t\t<div class=\"elementor-widget-wrap elementor-element-populated\">\n\t\t\t\t\t\t<div class=\"elementor-element elementor-element-64febdc elementor-widget elementor-widget-heading\" data-id=\"64febdc\" data-element_type=\"widget\" data-e-type=\"widget\" data-widget_type=\"heading.default\">\n\t\t\t\t<div class=\"elementor-widget-container\">\n\t\t\t\t\t<h2 class=\"elementor-heading-title elementor-size-default\">Quem Somos<\/h2>\t\t\t\t<\/div>\n\t\t\t\t<\/div>\n\t\t\t\t\t<\/div>\n\t\t<\/div>\n\t\t\t\t<div class=\"elementor-column elementor-col-50 elementor-inner-column elementor-element elementor-element-d3fc07c\" data-id=\"d3fc07c\" data-element_type=\"column\" data-e-type=\"column\">\n\t\t\t<div class=\"elementor-widget-wrap\">\n\t\t\t\t\t\t\t<\/div>\n\t\t<\/div>\n\t\t\t\t\t<\/div>\n\t\t<\/section>\n\t\t\t\t\t<\/div>\n\t\t<\/div>\n\t\t\t\t\t<\/div>\n\t\t<\/section>\n\t\t\t\t<section class=\"elementor-section elementor-top-section elementor-element elementor-element-ed28337 animated-slow elementor-section-boxed elementor-section-height-default elementor-section-height-default elementor-invisible\" data-id=\"ed28337\" data-element_type=\"section\" data-e-type=\"section\" data-settings=\"{&quot;background_background&quot;:&quot;classic&quot;,&quot;animation&quot;:&quot;fadeInUp&quot;,&quot;_ha_eqh_enable&quot;:false}\">\n\t\t\t\t\t\t<div class=\"elementor-container elementor-column-gap-no\">\n\t\t\t\t\t<div class=\"elementor-column elementor-col-50 elementor-top-column elementor-element elementor-element-4dfaa32\" data-id=\"4dfaa32\" data-element_type=\"column\" data-e-type=\"column\">\n\t\t\t<div class=\"elementor-widget-wrap elementor-element-populated\">\n\t\t\t\t\t\t<div class=\"elementor-element elementor-element-af58881 elementor-widget elementor-widget-heading\" data-id=\"af58881\" data-element_type=\"widget\" data-e-type=\"widget\" data-widget_type=\"heading.default\">\n\t\t\t\t<div class=\"elementor-widget-container\">\n\t\t\t\t\t<h3 class=\"elementor-heading-title elementor-size-default\">O SPW<\/h3>\t\t\t\t<\/div>\n\t\t\t\t<\/div>\n\t\t\t\t<div class=\"elementor-element elementor-element-2cb4299 elementor-widget elementor-widget-text-editor\" data-id=\"2cb4299\" data-element_type=\"widget\" data-e-type=\"widget\" data-widget_type=\"text-editor.default\">\n\t\t\t\t<div class=\"elementor-widget-container\">\n\t\t\t\t\t\t\t\t\t<p>O Observat\u00f3rio de Sexualidade e Pol\u00edtica (SPW, na sigla em ingl\u00eas) \u00e9 um programa transnacional sediado na <a href=\"https:\/\/abiaids.org.br\/\" target=\"_blank\" rel=\"noopener\">Associa\u00e7\u00e3o Brasileira Interdisciplinar de AIDS (ABIA)<\/a>. Lan\u00e7ado em 2002 como International Working Group on Sexuality and Social Policy (IWGSSP), em 2006 seu nome mudou para Sexuality Policy Watch e, desde sua cria\u00e7\u00e3o, o SPW tem colaborado extensivamente com pesquisadoras, pesquisadores e ativistas de uma ampla gama de pa\u00edses e \u00e9 uma fonte confi\u00e1vel de informa\u00e7\u00f5es atualizadas sobre fatos, resultados de pesquisas e debates p\u00fablicos sobre as pol\u00edticas de g\u00eanero e sexualidade.<\/p><p>Devido ao escopo de nosso trabalho, o SPW publica em ingl\u00eas, portugu\u00eas e espanhol. Isso se reflete no design de nosso site. Parte do conte\u00fado publicado, como nosso boletim informativo regular e relat\u00f3rios de pesquisas relevantes, est\u00e1 dispon\u00edvel nos tr\u00eas idiomas, mas, fora isso, os assuntos variam.<\/p>\t\t\t\t\t\t\t\t<\/div>\n\t\t\t\t<\/div>\n\t\t\t\t<section class=\"elementor-section elementor-inner-section elementor-element elementor-element-1edfc13 elementor-section-boxed elementor-section-height-default elementor-section-height-default\" data-id=\"1edfc13\" data-element_type=\"section\" data-e-type=\"section\" data-settings=\"{&quot;background_background&quot;:&quot;classic&quot;,&quot;_ha_eqh_enable&quot;:false}\">\n\t\t\t\t\t\t<div class=\"elementor-container elementor-column-gap-no\">\n\t\t\t\t\t<div class=\"elementor-column elementor-col-100 elementor-inner-column elementor-element elementor-element-232dbe2\" data-id=\"232dbe2\" data-element_type=\"column\" data-e-type=\"column\">\n\t\t\t<div class=\"elementor-widget-wrap elementor-element-populated\">\n\t\t\t\t\t\t<div class=\"elementor-element elementor-element-703fc29 elementor-widget elementor-widget-heading\" data-id=\"703fc29\" data-element_type=\"widget\" data-e-type=\"widget\" data-widget_type=\"heading.default\">\n\t\t\t\t<div class=\"elementor-widget-container\">\n\t\t\t\t\t<h4 class=\"elementor-heading-title elementor-size-default\">Por que sexualidade?<\/h4>\t\t\t\t<\/div>\n\t\t\t\t<\/div>\n\t\t\t\t<div class=\"elementor-element elementor-element-08e4cab elementor-widget elementor-widget-text-editor\" data-id=\"08e4cab\" data-element_type=\"widget\" data-e-type=\"widget\" data-widget_type=\"text-editor.default\">\n\t\t\t\t<div class=\"elementor-widget-container\">\n\t\t\t\t\t\t\t\t\t<p><em>Sexo \u00e9 sempre pol\u00edtico e sua politiciza\u00e7\u00e3o implica em um esfor\u00e7o cont\u00ednuo no sentido de desenhar e manter uma linha imagin\u00e1ria\u00a0 entre o sexo \u201cbom\u201d e o sexo \u201cruim\u201d que decorrem das \u201chierarquias de valor sexual\u201d estabelecidas pela religi\u00e3o, pela medicina, pelas pol\u00edticas p\u00fablicas e pela cultura popular. Estas hierarquias funcionam do mesmo modo que os sistemas ideol\u00f3gicos do racismo, do etnocentrismo e do chauvinismo religioso. Elas racionalizam tanto o bem-estar daqueles\/as que s\u00e3o sexualmente privilegiados\/as quanto a adversidade da \u201cplebe\u201d sexual. Mas em alguns momentos hist\u00f3ricos, as negocia\u00e7\u00f5es e debates sobre o bom e o mau sexo s\u00e3o \u201cmais agudamente contestadas e abertamente politizadas\u201d. (Adaptado de Gayle Rubin, 1984).<\/em><\/p>\t\t\t\t\t\t\t\t<\/div>\n\t\t\t\t<\/div>\n\t\t\t\t\t<\/div>\n\t\t<\/div>\n\t\t\t\t\t<\/div>\n\t\t<\/section>\n\t\t\t\t\t<\/div>\n\t\t<\/div>\n\t\t\t\t<div class=\"elementor-column elementor-col-50 elementor-top-column elementor-element elementor-element-fc48c10\" data-id=\"fc48c10\" data-element_type=\"column\" data-e-type=\"column\">\n\t\t\t<div class=\"elementor-widget-wrap elementor-element-populated\">\n\t\t\t\t\t\t<div class=\"elementor-element elementor-element-9b5976d elementor-widget elementor-widget-image\" data-id=\"9b5976d\" data-element_type=\"widget\" data-e-type=\"widget\" data-widget_type=\"image.default\">\n\t\t\t\t<div class=\"elementor-widget-container\">\n\t\t\t\t\t\t\t\t\t\t\t\t\t\t\t<img fetchpriority=\"high\" decoding=\"async\" width=\"1500\" height=\"1462\" src=\"https:\/\/sxpolitics.org\/ptbr\/wp-content\/uploads\/sites\/3\/2023\/06\/Asset-1@4x.png\" class=\"attachment-full size-full wp-image-24161\" alt=\"\" srcset=\"https:\/\/sxpolitics.org\/ptbr\/wp-content\/uploads\/sites\/3\/2023\/06\/Asset-1@4x.png 1500w, https:\/\/sxpolitics.org\/ptbr\/wp-content\/uploads\/sites\/3\/2023\/06\/Asset-1@4x-300x292.png 300w, https:\/\/sxpolitics.org\/ptbr\/wp-content\/uploads\/sites\/3\/2023\/06\/Asset-1@4x-1024x998.png 1024w, https:\/\/sxpolitics.org\/ptbr\/wp-content\/uploads\/sites\/3\/2023\/06\/Asset-1@4x-768x749.png 768w\" sizes=\"(max-width: 1500px) 100vw, 1500px\" \/>\t\t\t\t\t\t\t\t\t\t\t\t\t\t\t<\/div>\n\t\t\t\t<\/div>\n\t\t\t\t\t<\/div>\n\t\t<\/div>\n\t\t\t\t\t<\/div>\n\t\t<\/section>\n\t\t\t\t<section class=\"elementor-section elementor-top-section elementor-element elementor-element-c6436ea elementor-section-boxed elementor-section-height-default elementor-section-height-default\" data-id=\"c6436ea\" data-element_type=\"section\" data-e-type=\"section\" data-settings=\"{&quot;background_background&quot;:&quot;classic&quot;,&quot;_ha_eqh_enable&quot;:false}\">\n\t\t\t\t\t\t<div class=\"elementor-container elementor-column-gap-default\">\n\t\t\t\t\t<div class=\"elementor-column elementor-col-100 elementor-top-column elementor-element elementor-element-371377f animated-slow elementor-invisible\" data-id=\"371377f\" data-element_type=\"column\" data-e-type=\"column\" data-settings=\"{&quot;animation&quot;:&quot;fadeInLeft&quot;}\">\n\t\t\t<div class=\"elementor-widget-wrap elementor-element-populated\">\n\t\t\t\t\t\t<div class=\"elementor-element elementor-element-11ea5fc elementor-widget elementor-widget-text-editor\" data-id=\"11ea5fc\" data-element_type=\"widget\" data-e-type=\"widget\" data-widget_type=\"text-editor.default\">\n\t\t\t\t<div class=\"elementor-widget-container\">\n\t\t\t\t\t\t\t\t\t<p>Em 2006, quando o SPW mudou seu nome e criou seu primeiro site, o cen\u00e1rio mundial era complexo e j\u00e1 bastante sombrio. O clima promissor dos anos imediatamente posteriores \u00e0 Guerra Fria estava se dissipando rapidamente sob os efeitos combinados da penetra\u00e7\u00e3o cont\u00ednua da racionalidade neoliberal, da expans\u00e3o da repolitiza\u00e7\u00e3o transcultural do religioso e, n\u00e3o menos importante, da &#8220;guerra ao terror&#8221; vigorosamente conduzida pelo governo Bush. Nessas circunst\u00e2ncias, recuperamos a reflex\u00e3o desenvolvida por Gayle Rubin, em seu artigo cl\u00e1ssico de 1984, &#8220;Thinking Sex: Notes for a Radical Theory of the Politics of Sexuality&#8221;, para esclarecer a vis\u00e3o do SPW. Ao fazer isso, observamos que os conflitos sociais e pol\u00edticos relacionados \u00e0 sexualidade sobre os quais Rubin nos alertou, longe de serem resolvidos, eram mais predominantes do que nunca e estavam se manifestando em escala global.\u00a0<\/p><p>Fazendo uma an\u00e1lise retrospectiva, os contornos conturbados dos direitos relacionados a g\u00eanero e sexualidade em meados dos anos 2000 e a din\u00e2mica social mais ampla sinalizavam o que viria a seguir. Menos de dez anos depois, as mobiliza\u00e7\u00f5es antig\u00eanero &#8211; cujos principais argumentos vinham amadurecendo desde a d\u00e9cada de 1990 &#8211; irromperam concomitantemente em pa\u00edses europeus e latino-americanos. Pouco tempo depois, o Brexit foi aprovado e Trump venceu &#8220;inesperadamente&#8221; a elei\u00e7\u00e3o presidencial dos EUA.<\/p><p>Nesse \u00ednterim, um ataque feroz ao g\u00eanero prejudicou o Referendo do Acordo de Paz na Col\u00f4mbia, instalando um padr\u00e3o em s\u00e9rie de ciclones antig\u00eanero que alimentaram dr\u00e1sticas viradas de ultradireita que gradualmente remodelariam os cen\u00e1rios pol\u00edticos das Am\u00e9ricas e da Europa. Seguiu-se a elei\u00e7\u00e3o de Bolsonaro no Brasil, em 2018, e, passados mais seis anos, n\u00e3o \u00e9 exagero dizer que as elei\u00e7\u00f5es para o Parlamento Europeu de 2024, que resultaram em grandes vit\u00f3rias da extrema direita, constituem o cap\u00edtulo mais recente desse ciclo sombrio.<\/p><p>Em todos esses casos e em outros &#8211; como a elei\u00e7\u00e3o de Milei em 2023 na Argentina &#8211; essas tempestades eleitorais perfeitas foram precedidas e alimentadas por v\u00e1rios ciclones antig\u00eanero. Hoje, pode-se dizer que o fantasma do g\u00eanero, para retomar o quadro de Judith Butler, \u00e9 onipresente nas correntes pol\u00edticas em curso nas Am\u00e9ricas e na Europa, com muitas outras ramifica\u00e7\u00f5es al\u00e9m dessas fronteiras. A pol\u00edtica antig\u00eanero \u00e9 micropol\u00edtica, macropol\u00edtica e, cada vez mais, uma nova forma de geopol\u00edtica cujos contornos completos ainda n\u00e3o foram devidamente compreendidos.<\/p>\t\t\t\t\t\t\t\t<\/div>\n\t\t\t\t<\/div>\n\t\t\t\t\t<\/div>\n\t\t<\/div>\n\t\t\t\t\t<\/div>\n\t\t<\/section>\n\t\t\t\t<section class=\"elementor-section elementor-top-section elementor-element elementor-element-c75e9f3 elementor-section-boxed elementor-section-height-default elementor-section-height-default\" data-id=\"c75e9f3\" data-element_type=\"section\" data-e-type=\"section\" data-settings=\"{&quot;background_background&quot;:&quot;classic&quot;,&quot;_ha_eqh_enable&quot;:false}\">\n\t\t\t\t\t\t<div class=\"elementor-container elementor-column-gap-default\">\n\t\t\t\t\t<div class=\"elementor-column elementor-col-100 elementor-top-column elementor-element elementor-element-85382c1\" data-id=\"85382c1\" data-element_type=\"column\" data-e-type=\"column\">\n\t\t\t<div class=\"elementor-widget-wrap\">\n\t\t\t\t\t\t\t<\/div>\n\t\t<\/div>\n\t\t\t\t\t<\/div>\n\t\t<\/section>\n\t\t\t\t<\/div>\n\t\t","protected":false},"excerpt":{"rendered":"<p>Quem Somos O SPW O Observat\u00f3rio de Sexualidade e Pol\u00edtica (SPW, na sigla em ingl\u00eas) \u00e9 um programa transnacional sediado na Associa\u00e7\u00e3o Brasileira Interdisciplinar de<\/p>\n","protected":false},"author":1,"featured_media":0,"parent":0,"menu_order":0,"comment_status":"open","ping_status":"closed","template":"elementor_header_footer","meta":{"_acf_changed":false,"_monsterinsights_skip_tracking":false,"_monsterinsights_sitenote_active":false,"_monsterinsights_sitenote_note":"","_monsterinsights_sitenote_category":0,"footnotes":""},"class_list":["post-4985","page","type-page","status-publish"],"acf":[],"yoast_head":"<!-- This site is optimized with the Yoast SEO plugin v27.1.1 - https:\/\/yoast.com\/product\/yoast-seo-wordpress\/ -->\n<title>SPW - Sexuality Policy Watch [PTBR]<\/title>\n<meta name=\"robots\" content=\"index, follow, max-snippet:-1, max-image-preview:large, max-video-preview:-1\" \/>\n<link rel=\"canonical\" href=\"https:\/\/sxpolitics.org\/ptbr\/sobre-spw\" \/>\n<meta property=\"og:locale\" content=\"pt_BR\" \/>\n<meta property=\"og:type\" content=\"article\" \/>\n<meta property=\"og:title\" content=\"SPW - Sexuality Policy Watch [PTBR]\" \/>\n<meta property=\"og:description\" content=\"Quem Somos O SPW O Observat\u00f3rio de Sexualidade e Pol\u00edtica (SPW, na sigla em ingl\u00eas) \u00e9 um programa transnacional sediado na Associa\u00e7\u00e3o Brasileira Interdisciplinar de\" \/>\n<meta property=\"og:url\" content=\"https:\/\/sxpolitics.org\/ptbr\/sobre-spw\" \/>\n<meta property=\"og:site_name\" content=\"Sexuality Policy Watch [PTBR]\" \/>\n<meta property=\"article:modified_time\" content=\"2026-01-07T19:21:28+00:00\" \/>\n<meta property=\"og:image\" content=\"https:\/\/sxpolitics.org\/ptbr\/wp-content\/uploads\/sites\/3\/2023\/06\/Asset-1@4x.png\" \/>\n\t<meta property=\"og:image:width\" content=\"1500\" \/>\n\t<meta property=\"og:image:height\" content=\"1462\" \/>\n\t<meta property=\"og:image:type\" content=\"image\/png\" \/>\n<meta name=\"twitter:card\" content=\"summary_large_image\" \/>\n<meta name=\"twitter:label1\" content=\"Est. tempo de leitura\" \/>\n\t<meta name=\"twitter:data1\" content=\"4 minutos\" \/>\n<script type=\"application\/ld+json\" class=\"yoast-schema-graph\">{\"@context\":\"https:\/\/schema.org\",\"@graph\":[{\"@type\":\"WebPage\",\"@id\":\"https:\/\/sxpolitics.org\/ptbr\/sobre-spw\",\"url\":\"https:\/\/sxpolitics.org\/ptbr\/sobre-spw\",\"name\":\"SPW - Sexuality Policy Watch [PTBR]\",\"isPartOf\":{\"@id\":\"https:\/\/sxpolitics.org\/ptbr\/#website\"},\"primaryImageOfPage\":{\"@id\":\"https:\/\/sxpolitics.org\/ptbr\/sobre-spw#primaryimage\"},\"image\":{\"@id\":\"https:\/\/sxpolitics.org\/ptbr\/sobre-spw#primaryimage\"},\"thumbnailUrl\":\"https:\/\/sxpolitics.org\/ptbr\/wp-content\/uploads\/sites\/3\/2023\/06\/Asset-1@4x.png\",\"datePublished\":\"2015-08-28T02:38:43+00:00\",\"dateModified\":\"2026-01-07T19:21:28+00:00\",\"breadcrumb\":{\"@id\":\"https:\/\/sxpolitics.org\/ptbr\/sobre-spw#breadcrumb\"},\"inLanguage\":\"pt-BR\",\"potentialAction\":[{\"@type\":\"ReadAction\",\"target\":[\"https:\/\/sxpolitics.org\/ptbr\/sobre-spw\"]}]},{\"@type\":\"ImageObject\",\"inLanguage\":\"pt-BR\",\"@id\":\"https:\/\/sxpolitics.org\/ptbr\/sobre-spw#primaryimage\",\"url\":\"https:\/\/sxpolitics.org\/ptbr\/wp-content\/uploads\/sites\/3\/2023\/06\/Asset-1@4x.png\",\"contentUrl\":\"https:\/\/sxpolitics.org\/ptbr\/wp-content\/uploads\/sites\/3\/2023\/06\/Asset-1@4x.png\",\"width\":1500,\"height\":1462},{\"@type\":\"BreadcrumbList\",\"@id\":\"https:\/\/sxpolitics.org\/ptbr\/sobre-spw#breadcrumb\",\"itemListElement\":[{\"@type\":\"ListItem\",\"position\":1,\"name\":\"Home\",\"item\":\"https:\/\/sxpolitics.org\/ptbr\/\"},{\"@type\":\"ListItem\",\"position\":2,\"name\":\"SPW\"}]},{\"@type\":\"WebSite\",\"@id\":\"https:\/\/sxpolitics.org\/ptbr\/#website\",\"url\":\"https:\/\/sxpolitics.org\/ptbr\/\",\"name\":\"Sexuality Policy Watch [PTBR]\",\"description\":\"Um f\u00f3rum global composto por pesquisadores e ativistas de uma ampla gama de pa\u00edses e regi\u00f5es do mundo sites\",\"publisher\":{\"@id\":\"https:\/\/sxpolitics.org\/ptbr\/#organization\"},\"potentialAction\":[{\"@type\":\"SearchAction\",\"target\":{\"@type\":\"EntryPoint\",\"urlTemplate\":\"https:\/\/sxpolitics.org\/ptbr\/?s={search_term_string}\"},\"query-input\":{\"@type\":\"PropertyValueSpecification\",\"valueRequired\":true,\"valueName\":\"search_term_string\"}}],\"inLanguage\":\"pt-BR\"},{\"@type\":\"Organization\",\"@id\":\"https:\/\/sxpolitics.org\/ptbr\/#organization\",\"name\":\"Sexuality Policy Watch [PTBR]\",\"url\":\"https:\/\/sxpolitics.org\/ptbr\/\",\"logo\":{\"@type\":\"ImageObject\",\"inLanguage\":\"pt-BR\",\"@id\":\"https:\/\/sxpolitics.org\/ptbr\/#\/schema\/logo\/image\/\",\"url\":\"https:\/\/sxpolitics.org\/ptbr\/wp-content\/uploads\/sites\/3\/2023\/06\/logo-site-1.png\",\"contentUrl\":\"https:\/\/sxpolitics.org\/ptbr\/wp-content\/uploads\/sites\/3\/2023\/06\/logo-site-1.png\",\"width\":4628,\"height\":1306,\"caption\":\"Sexuality Policy Watch [PTBR]\"},\"image\":{\"@id\":\"https:\/\/sxpolitics.org\/ptbr\/#\/schema\/logo\/image\/\"}}]}<\/script>\n<!-- \/ Yoast SEO plugin. -->","yoast_head_json":{"title":"SPW - Sexuality Policy Watch [PTBR]","robots":{"index":"index","follow":"follow","max-snippet":"max-snippet:-1","max-image-preview":"max-image-preview:large","max-video-preview":"max-video-preview:-1"},"canonical":"https:\/\/sxpolitics.org\/ptbr\/sobre-spw","og_locale":"pt_BR","og_type":"article","og_title":"SPW - Sexuality Policy Watch [PTBR]","og_description":"Quem Somos O SPW O Observat\u00f3rio de Sexualidade e Pol\u00edtica (SPW, na sigla em ingl\u00eas) \u00e9 um programa transnacional sediado na Associa\u00e7\u00e3o Brasileira Interdisciplinar de","og_url":"https:\/\/sxpolitics.org\/ptbr\/sobre-spw","og_site_name":"Sexuality Policy Watch [PTBR]","article_modified_time":"2026-01-07T19:21:28+00:00","og_image":[{"width":1500,"height":1462,"url":"https:\/\/sxpolitics.org\/ptbr\/wp-content\/uploads\/sites\/3\/2023\/06\/Asset-1@4x.png","type":"image\/png"}],"twitter_card":"summary_large_image","twitter_misc":{"Est. tempo de leitura":"4 minutos"},"schema":{"@context":"https:\/\/schema.org","@graph":[{"@type":"WebPage","@id":"https:\/\/sxpolitics.org\/ptbr\/sobre-spw","url":"https:\/\/sxpolitics.org\/ptbr\/sobre-spw","name":"SPW - Sexuality Policy Watch [PTBR]","isPartOf":{"@id":"https:\/\/sxpolitics.org\/ptbr\/#website"},"primaryImageOfPage":{"@id":"https:\/\/sxpolitics.org\/ptbr\/sobre-spw#primaryimage"},"image":{"@id":"https:\/\/sxpolitics.org\/ptbr\/sobre-spw#primaryimage"},"thumbnailUrl":"https:\/\/sxpolitics.org\/ptbr\/wp-content\/uploads\/sites\/3\/2023\/06\/Asset-1@4x.png","datePublished":"2015-08-28T02:38:43+00:00","dateModified":"2026-01-07T19:21:28+00:00","breadcrumb":{"@id":"https:\/\/sxpolitics.org\/ptbr\/sobre-spw#breadcrumb"},"inLanguage":"pt-BR","potentialAction":[{"@type":"ReadAction","target":["https:\/\/sxpolitics.org\/ptbr\/sobre-spw"]}]},{"@type":"ImageObject","inLanguage":"pt-BR","@id":"https:\/\/sxpolitics.org\/ptbr\/sobre-spw#primaryimage","url":"https:\/\/sxpolitics.org\/ptbr\/wp-content\/uploads\/sites\/3\/2023\/06\/Asset-1@4x.png","contentUrl":"https:\/\/sxpolitics.org\/ptbr\/wp-content\/uploads\/sites\/3\/2023\/06\/Asset-1@4x.png","width":1500,"height":1462},{"@type":"BreadcrumbList","@id":"https:\/\/sxpolitics.org\/ptbr\/sobre-spw#breadcrumb","itemListElement":[{"@type":"ListItem","position":1,"name":"Home","item":"https:\/\/sxpolitics.org\/ptbr\/"},{"@type":"ListItem","position":2,"name":"SPW"}]},{"@type":"WebSite","@id":"https:\/\/sxpolitics.org\/ptbr\/#website","url":"https:\/\/sxpolitics.org\/ptbr\/","name":"Sexuality Policy Watch [PTBR]","description":"Um f\u00f3rum global composto por pesquisadores e ativistas de uma ampla gama de pa\u00edses e regi\u00f5es do mundo sites","publisher":{"@id":"https:\/\/sxpolitics.org\/ptbr\/#organization"},"potentialAction":[{"@type":"SearchAction","target":{"@type":"EntryPoint","urlTemplate":"https:\/\/sxpolitics.org\/ptbr\/?s={search_term_string}"},"query-input":{"@type":"PropertyValueSpecification","valueRequired":true,"valueName":"search_term_string"}}],"inLanguage":"pt-BR"},{"@type":"Organization","@id":"https:\/\/sxpolitics.org\/ptbr\/#organization","name":"Sexuality Policy Watch [PTBR]","url":"https:\/\/sxpolitics.org\/ptbr\/","logo":{"@type":"ImageObject","inLanguage":"pt-BR","@id":"https:\/\/sxpolitics.org\/ptbr\/#\/schema\/logo\/image\/","url":"https:\/\/sxpolitics.org\/ptbr\/wp-content\/uploads\/sites\/3\/2023\/06\/logo-site-1.png","contentUrl":"https:\/\/sxpolitics.org\/ptbr\/wp-content\/uploads\/sites\/3\/2023\/06\/logo-site-1.png","width":4628,"height":1306,"caption":"Sexuality Policy Watch [PTBR]"},"image":{"@id":"https:\/\/sxpolitics.org\/ptbr\/#\/schema\/logo\/image\/"}}]}},"_links":{"self":[{"href":"https:\/\/sxpolitics.org\/ptbr\/wp-json\/wp\/v2\/pages\/4985","targetHints":{"allow":["GET"]}}],"collection":[{"href":"https:\/\/sxpolitics.org\/ptbr\/wp-json\/wp\/v2\/pages"}],"about":[{"href":"https:\/\/sxpolitics.org\/ptbr\/wp-json\/wp\/v2\/types\/page"}],"author":[{"embeddable":true,"href":"https:\/\/sxpolitics.org\/ptbr\/wp-json\/wp\/v2\/users\/1"}],"replies":[{"embeddable":true,"href":"https:\/\/sxpolitics.org\/ptbr\/wp-json\/wp\/v2\/comments?post=4985"}],"version-history":[{"count":68,"href":"https:\/\/sxpolitics.org\/ptbr\/wp-json\/wp\/v2\/pages\/4985\/revisions"}],"predecessor-version":[{"id":28011,"href":"https:\/\/sxpolitics.org\/ptbr\/wp-json\/wp\/v2\/pages\/4985\/revisions\/28011"}],"wp:attachment":[{"href":"https:\/\/sxpolitics.org\/ptbr\/wp-json\/wp\/v2\/media?parent=4985"}],"curies":[{"name":"wp","href":"https:\/\/api.w.org\/{rel}","templated":true}]}}