{"id":9235,"date":"2024-11-12T16:23:40","date_gmt":"2024-11-12T19:23:40","guid":{"rendered":"https:\/\/spw.fw2web.com.br\/es\/?page_id=9235"},"modified":"2026-03-06T14:20:19","modified_gmt":"2026-03-06T17:20:19","slug":"equipo","status":"publish","type":"page","link":"https:\/\/sxpolitics.org\/es\/equipo\/","title":{"rendered":"Equipo"},"content":{"rendered":"\t\t<div data-elementor-type=\"wp-page\" data-elementor-id=\"9235\" class=\"elementor elementor-9235\" data-elementor-settings=\"{&quot;ha_cmc_init_switcher&quot;:&quot;no&quot;}\">\n\t\t\t\t\t\t<section class=\"elementor-section elementor-top-section elementor-element elementor-element-31173dd elementor-section-full_width elementor-section-stretched elementor-section-height-default elementor-section-height-default\" data-id=\"31173dd\" data-element_type=\"section\" data-e-type=\"section\" data-settings=\"{&quot;background_background&quot;:&quot;classic&quot;,&quot;stretch_section&quot;:&quot;section-stretched&quot;,&quot;_ha_eqh_enable&quot;:false}\">\n\t\t\t\t\t\t\t<div class=\"elementor-background-overlay\"><\/div>\n\t\t\t\t\t\t\t<div class=\"elementor-container elementor-column-gap-no\">\n\t\t\t\t\t<div class=\"elementor-column elementor-col-100 elementor-top-column elementor-element elementor-element-8992e53\" data-id=\"8992e53\" data-element_type=\"column\" data-e-type=\"column\">\n\t\t\t<div class=\"elementor-widget-wrap elementor-element-populated\">\n\t\t\t\t\t\t<section class=\"elementor-section elementor-inner-section elementor-element elementor-element-c42fd8f elementor-section-boxed elementor-section-height-default elementor-section-height-default\" data-id=\"c42fd8f\" data-element_type=\"section\" data-e-type=\"section\" data-settings=\"{&quot;_ha_eqh_enable&quot;:false}\">\n\t\t\t\t\t\t\t<div class=\"elementor-background-overlay\"><\/div>\n\t\t\t\t\t\t\t<div class=\"elementor-container elementor-column-gap-default\">\n\t\t\t\t\t<div class=\"elementor-column elementor-col-50 elementor-inner-column elementor-element elementor-element-92aac9b\" data-id=\"92aac9b\" data-element_type=\"column\" data-e-type=\"column\">\n\t\t\t<div class=\"elementor-widget-wrap elementor-element-populated\">\n\t\t\t\t\t\t<div class=\"elementor-element elementor-element-84aca5a elementor-widget elementor-widget-heading\" data-id=\"84aca5a\" data-element_type=\"widget\" data-e-type=\"widget\" data-widget_type=\"heading.default\">\n\t\t\t\t<div class=\"elementor-widget-container\">\n\t\t\t\t\t<h2 class=\"elementor-heading-title elementor-size-default\">\u00bfQui\u00e9nes somos?<\/h2>\t\t\t\t<\/div>\n\t\t\t\t<\/div>\n\t\t\t\t\t<\/div>\n\t\t<\/div>\n\t\t\t\t<div class=\"elementor-column elementor-col-50 elementor-inner-column elementor-element elementor-element-545c308\" data-id=\"545c308\" data-element_type=\"column\" data-e-type=\"column\">\n\t\t\t<div class=\"elementor-widget-wrap\">\n\t\t\t\t\t\t\t<\/div>\n\t\t<\/div>\n\t\t\t\t\t<\/div>\n\t\t<\/section>\n\t\t\t\t\t<\/div>\n\t\t<\/div>\n\t\t\t\t\t<\/div>\n\t\t<\/section>\n\t\t\t\t<section class=\"elementor-section elementor-top-section elementor-element elementor-element-818d180 animated-slow elementor-section-boxed elementor-section-height-default elementor-section-height-default elementor-invisible\" data-id=\"818d180\" data-element_type=\"section\" data-e-type=\"section\" data-settings=\"{&quot;background_background&quot;:&quot;classic&quot;,&quot;animation&quot;:&quot;fadeInUp&quot;,&quot;_ha_eqh_enable&quot;:false}\">\n\t\t\t\t\t\t<div class=\"elementor-container elementor-column-gap-no\">\n\t\t\t\t\t<div class=\"elementor-column elementor-col-100 elementor-top-column elementor-element elementor-element-1a22f49\" data-id=\"1a22f49\" data-element_type=\"column\" data-e-type=\"column\">\n\t\t\t<div class=\"elementor-widget-wrap elementor-element-populated\">\n\t\t\t\t\t\t<div class=\"elementor-element elementor-element-b468c25 elementor-widget elementor-widget-heading\" data-id=\"b468c25\" data-element_type=\"widget\" data-e-type=\"widget\" data-widget_type=\"heading.default\">\n\t\t\t\t<div class=\"elementor-widget-container\">\n\t\t\t\t\t<h3 class=\"elementor-heading-title elementor-size-default\">Equipo<\/h3>\t\t\t\t<\/div>\n\t\t\t\t<\/div>\n\t\t\t\t<div class=\"elementor-element elementor-element-c05aced elementor-widget elementor-widget-text-editor\" data-id=\"c05aced\" data-element_type=\"widget\" data-e-type=\"widget\" data-widget_type=\"text-editor.default\">\n\t\t\t\t<div class=\"elementor-widget-container\">\n\t\t\t\t\t\t\t\t\t<p>El SPW tiene su sede en la Asociaci\u00f3n Brasile\u00f1a Interdisciplinar de SIDA (ABIA) y est\u00e1 codirigido por Richard Parker y Sonia Corr\u00eaa.<\/p><p><strong>Richard Parker <\/strong>es profesor em\u00e9rito de Ciencias Sociom\u00e9dicas y Antropolog\u00eda y miembro del Comit\u00e9 de Pensamiento Global de la Universidad de Columbia, presidente de la Asociaci\u00f3n Brasile\u00f1a Interdisciplinar de SIDA (ABIA) y redactor jefe de la revista<em> Global Public Health. <\/em><\/p><p><strong>Sonia Corr\u00eaa <\/strong>ha participado en actividades de investigaci\u00f3n y defensa relacionadas con la igualdad de g\u00e9nero, la salud y la sexualidad, desde finales de la d\u00e9cada de 1970. Ha publicado numerosos trabajos en portugu\u00e9s, ingl\u00e9s y espa\u00f1ol y ha dado conferencias en diversas instituciones acad\u00e9micas. Tambi\u00e9n es miembro del Consejo Editorial de la serie de libros de <em>Palgrave Global Queer Politics<\/em>.<\/p><p>Tanto Richard como Sonia son tambi\u00e9n miembros del Consejo Editorial de la <em>Routledge Book Series Sexuality, Culture and Healt<\/em>h.<\/p><p>El personal actual de SPW est\u00e1 compuesto por Nana Soares, F\u00e1bio Grotz y Marcelle Matias.<\/p><p><strong>Nana Soares<\/strong> es escritora e investigadora sobre g\u00e9nero, sexualidades y derechos humanos, y ha publicado en m\u00faltiples medios en Brasil y en el exterior. Estudi\u00f3 Periodismo en la Universidad de S\u00e3o Paulo (USP) y tiene una Maestr\u00eda en G\u00e9nero y Desarrollo por el Institute of Development Studies (IDS\/Reino Unido). Es Asesora de Proyectos en SPW desde 2021.<\/p><p>\u00a0<\/p><p><strong>F\u00e1bio Grotz Majerowicz<\/strong> es periodista graduado por la Universidad Estatal de R\u00edo de Janeiro (UERJ) y doctor en Comunicaci\u00f3n Social, tambi\u00e9n por la UERJ. Tiene experiencia en las \u00e1reas de Derechos Humanos y Comunicaci\u00f3n Organizacional. F\u00e1bio colabora con SPW desde 2013.<\/p><p><strong>Marcelle Matias<\/strong> es graduada en Educomunicaci\u00f3n en la Escuela de Comunicaci\u00f3n y Artes de la Universidad de S\u00e3o Paulo (ECA-USP). Realiz\u00f3 investigaciones sobre la televisi\u00f3n brasile\u00f1a (2018) y la violencia digital (2019) en el marco del Programa de Becas Unificadas para Estudiantes de Pregrado de la USP. Trabaja como gestora de redes sociales, facilitadora gr\u00e1fica, investigadora de medios, raza, g\u00e9nero y derechos humanos. Colabora con la comunicaci\u00f3n del SPW.<\/p>\t\t\t\t\t\t\t\t<\/div>\n\t\t\t\t<\/div>\n\t\t\t\t\t<\/div>\n\t\t<\/div>\n\t\t\t\t\t<\/div>\n\t\t<\/section>\n\t\t\t\t<section class=\"elementor-section elementor-top-section elementor-element elementor-element-12be209 elementor-section-boxed elementor-section-height-default elementor-section-height-default\" data-id=\"12be209\" data-element_type=\"section\" data-e-type=\"section\" data-settings=\"{&quot;background_background&quot;:&quot;classic&quot;,&quot;_ha_eqh_enable&quot;:false}\">\n\t\t\t\t\t\t<div class=\"elementor-container elementor-column-gap-default\">\n\t\t\t\t\t<div class=\"elementor-column elementor-col-100 elementor-top-column elementor-element elementor-element-9a4cc02 animated-slow elementor-invisible\" data-id=\"9a4cc02\" data-element_type=\"column\" data-e-type=\"column\" data-settings=\"{&quot;animation&quot;:&quot;fadeInLeft&quot;}\">\n\t\t\t<div class=\"elementor-widget-wrap elementor-element-populated\">\n\t\t\t\t\t\t<div class=\"elementor-element elementor-element-50f561b elementor-widget elementor-widget-text-editor\" data-id=\"50f561b\" data-element_type=\"widget\" data-e-type=\"widget\" data-widget_type=\"text-editor.default\">\n\t\t\t\t<div class=\"elementor-widget-container\">\n\t\t\t\t\t\t\t\t\t<h3>Desde su creaci\u00f3n en 2002, el SPW ha contado con la asociaci\u00f3n y la colaboraci\u00f3n de m\u00e1s de un ciento de investigadores y activistas. Muchos de ellos han participado en grupos consultivos, un n\u00famero a\u00fan mayor ha colaborado con nuestros diversos proyectos de investigaci\u00f3n transnacionales, como editores de informes de investigaci\u00f3n, becarios, asociados en las numerosas iniciativas interseccionales en las que nos hemos implicado o incluso como participantes en eventos y debates que hemos promovido a lo largo de estos muchos a\u00f1os. No es posible nombrar a todas estas personas, y algunas de ellas ya han fallecido. Pero a todas ellas les dejamos nuestra inmensa gratitud por su confianza y generosidad.<\/h3>\t\t\t\t\t\t\t\t<\/div>\n\t\t\t\t<\/div>\n\t\t\t\t\t<\/div>\n\t\t<\/div>\n\t\t\t\t\t<\/div>\n\t\t<\/section>\n\t\t\t\t<section class=\"elementor-section elementor-top-section elementor-element elementor-element-d1e8ab5 elementor-section-boxed elementor-section-height-default elementor-section-height-default\" data-id=\"d1e8ab5\" data-element_type=\"section\" data-e-type=\"section\" data-settings=\"{&quot;_ha_eqh_enable&quot;:false}\">\n\t\t\t\t\t\t<div class=\"elementor-container elementor-column-gap-default\">\n\t\t\t\t\t<div class=\"elementor-column elementor-col-100 elementor-top-column elementor-element elementor-element-ce1a226\" data-id=\"ce1a226\" data-element_type=\"column\" data-e-type=\"column\">\n\t\t\t<div class=\"elementor-widget-wrap\">\n\t\t\t\t\t\t\t<\/div>\n\t\t<\/div>\n\t\t\t\t\t<\/div>\n\t\t<\/section>\n\t\t\t\t<\/div>\n\t\t","protected":false},"excerpt":{"rendered":"<p>\u00bfQui\u00e9nes somos? Equipo El SPW tiene su sede en la Asociaci\u00f3n Brasile\u00f1a Interdisciplinar de SIDA (ABIA) y est\u00e1 codirigido por Richard Parker y Sonia Corr\u00eaa.<\/p>\n","protected":false},"author":1,"featured_media":0,"parent":0,"menu_order":0,"comment_status":"closed","ping_status":"closed","template":"elementor_header_footer","meta":{"_acf_changed":false,"_monsterinsights_skip_tracking":false,"_monsterinsights_sitenote_active":false,"_monsterinsights_sitenote_note":"","_monsterinsights_sitenote_category":0,"footnotes":""},"class_list":["post-9235","page","type-page","status-publish"],"acf":[],"yoast_head":"<!-- This site is optimized with the Yoast SEO plugin v27.1.1 - https:\/\/yoast.com\/product\/yoast-seo-wordpress\/ -->\n<title>Equipo - Sexuality Policy Watch [ES]<\/title>\n<meta name=\"robots\" content=\"index, follow, max-snippet:-1, max-image-preview:large, max-video-preview:-1\" \/>\n<link rel=\"canonical\" href=\"https:\/\/sxpolitics.org\/es\/equipo\/\" \/>\n<meta property=\"og:locale\" content=\"es_ES\" \/>\n<meta property=\"og:type\" content=\"article\" \/>\n<meta property=\"og:title\" content=\"Equipo - Sexuality Policy Watch [ES]\" \/>\n<meta property=\"og:description\" content=\"\u00bfQui\u00e9nes somos? Equipo El SPW tiene su sede en la Asociaci\u00f3n Brasile\u00f1a Interdisciplinar de SIDA (ABIA) y est\u00e1 codirigido por Richard Parker y Sonia Corr\u00eaa.\" \/>\n<meta property=\"og:url\" content=\"https:\/\/sxpolitics.org\/es\/equipo\/\" \/>\n<meta property=\"og:site_name\" content=\"Sexuality Policy Watch [ES]\" \/>\n<meta property=\"article:modified_time\" content=\"2026-03-06T17:20:19+00:00\" \/>\n<meta name=\"twitter:card\" content=\"summary_large_image\" \/>\n<meta name=\"twitter:label1\" content=\"Tiempo de lectura\" \/>\n\t<meta name=\"twitter:data1\" content=\"3 minutos\" \/>\n<script type=\"application\/ld+json\" class=\"yoast-schema-graph\">{\"@context\":\"https:\/\/schema.org\",\"@graph\":[{\"@type\":\"WebPage\",\"@id\":\"https:\/\/sxpolitics.org\/es\/equipo\/\",\"url\":\"https:\/\/sxpolitics.org\/es\/equipo\/\",\"name\":\"Equipo - Sexuality Policy Watch [ES]\",\"isPartOf\":{\"@id\":\"https:\/\/sxpolitics.org\/es\/#website\"},\"datePublished\":\"2024-11-12T19:23:40+00:00\",\"dateModified\":\"2026-03-06T17:20:19+00:00\",\"breadcrumb\":{\"@id\":\"https:\/\/sxpolitics.org\/es\/equipo\/#breadcrumb\"},\"inLanguage\":\"es\",\"potentialAction\":[{\"@type\":\"ReadAction\",\"target\":[\"https:\/\/sxpolitics.org\/es\/equipo\/\"]}]},{\"@type\":\"BreadcrumbList\",\"@id\":\"https:\/\/sxpolitics.org\/es\/equipo\/#breadcrumb\",\"itemListElement\":[{\"@type\":\"ListItem\",\"position\":1,\"name\":\"Home\",\"item\":\"https:\/\/sxpolitics.org\/es\/\"},{\"@type\":\"ListItem\",\"position\":2,\"name\":\"Equipo\"}]},{\"@type\":\"WebSite\",\"@id\":\"https:\/\/sxpolitics.org\/es\/#website\",\"url\":\"https:\/\/sxpolitics.org\/es\/\",\"name\":\"Sexuality Policy Watch [ES]\",\"description\":\"Un foro global compuesto por investigadores y activistas de una amplia gama de pa\u00edses y regiones del mundo.\",\"publisher\":{\"@id\":\"https:\/\/sxpolitics.org\/es\/#organization\"},\"potentialAction\":[{\"@type\":\"SearchAction\",\"target\":{\"@type\":\"EntryPoint\",\"urlTemplate\":\"https:\/\/sxpolitics.org\/es\/?s={search_term_string}\"},\"query-input\":{\"@type\":\"PropertyValueSpecification\",\"valueRequired\":true,\"valueName\":\"search_term_string\"}}],\"inLanguage\":\"es\"},{\"@type\":\"Organization\",\"@id\":\"https:\/\/sxpolitics.org\/es\/#organization\",\"name\":\"Sexuality Policy Watch [ES]\",\"url\":\"https:\/\/sxpolitics.org\/es\/\",\"logo\":{\"@type\":\"ImageObject\",\"inLanguage\":\"es\",\"@id\":\"https:\/\/sxpolitics.org\/es\/#\/schema\/logo\/image\/\",\"url\":\"https:\/\/sxpolitics.org\/es\/wp-content\/uploads\/sites\/2\/2023\/06\/logo-site.png\",\"contentUrl\":\"https:\/\/sxpolitics.org\/es\/wp-content\/uploads\/sites\/2\/2023\/06\/logo-site.png\",\"width\":4628,\"height\":1306,\"caption\":\"Sexuality Policy Watch [ES]\"},\"image\":{\"@id\":\"https:\/\/sxpolitics.org\/es\/#\/schema\/logo\/image\/\"}}]}<\/script>\n<!-- \/ Yoast SEO plugin. -->","yoast_head_json":{"title":"Equipo - Sexuality Policy Watch [ES]","robots":{"index":"index","follow":"follow","max-snippet":"max-snippet:-1","max-image-preview":"max-image-preview:large","max-video-preview":"max-video-preview:-1"},"canonical":"https:\/\/sxpolitics.org\/es\/equipo\/","og_locale":"es_ES","og_type":"article","og_title":"Equipo - Sexuality Policy Watch [ES]","og_description":"\u00bfQui\u00e9nes somos? Equipo El SPW tiene su sede en la Asociaci\u00f3n Brasile\u00f1a Interdisciplinar de SIDA (ABIA) y est\u00e1 codirigido por Richard Parker y Sonia Corr\u00eaa.","og_url":"https:\/\/sxpolitics.org\/es\/equipo\/","og_site_name":"Sexuality Policy Watch [ES]","article_modified_time":"2026-03-06T17:20:19+00:00","twitter_card":"summary_large_image","twitter_misc":{"Tiempo de lectura":"3 minutos"},"schema":{"@context":"https:\/\/schema.org","@graph":[{"@type":"WebPage","@id":"https:\/\/sxpolitics.org\/es\/equipo\/","url":"https:\/\/sxpolitics.org\/es\/equipo\/","name":"Equipo - Sexuality Policy Watch [ES]","isPartOf":{"@id":"https:\/\/sxpolitics.org\/es\/#website"},"datePublished":"2024-11-12T19:23:40+00:00","dateModified":"2026-03-06T17:20:19+00:00","breadcrumb":{"@id":"https:\/\/sxpolitics.org\/es\/equipo\/#breadcrumb"},"inLanguage":"es","potentialAction":[{"@type":"ReadAction","target":["https:\/\/sxpolitics.org\/es\/equipo\/"]}]},{"@type":"BreadcrumbList","@id":"https:\/\/sxpolitics.org\/es\/equipo\/#breadcrumb","itemListElement":[{"@type":"ListItem","position":1,"name":"Home","item":"https:\/\/sxpolitics.org\/es\/"},{"@type":"ListItem","position":2,"name":"Equipo"}]},{"@type":"WebSite","@id":"https:\/\/sxpolitics.org\/es\/#website","url":"https:\/\/sxpolitics.org\/es\/","name":"Sexuality Policy Watch [ES]","description":"Un foro global compuesto por investigadores y activistas de una amplia gama de pa\u00edses y regiones del mundo.","publisher":{"@id":"https:\/\/sxpolitics.org\/es\/#organization"},"potentialAction":[{"@type":"SearchAction","target":{"@type":"EntryPoint","urlTemplate":"https:\/\/sxpolitics.org\/es\/?s={search_term_string}"},"query-input":{"@type":"PropertyValueSpecification","valueRequired":true,"valueName":"search_term_string"}}],"inLanguage":"es"},{"@type":"Organization","@id":"https:\/\/sxpolitics.org\/es\/#organization","name":"Sexuality Policy Watch [ES]","url":"https:\/\/sxpolitics.org\/es\/","logo":{"@type":"ImageObject","inLanguage":"es","@id":"https:\/\/sxpolitics.org\/es\/#\/schema\/logo\/image\/","url":"https:\/\/sxpolitics.org\/es\/wp-content\/uploads\/sites\/2\/2023\/06\/logo-site.png","contentUrl":"https:\/\/sxpolitics.org\/es\/wp-content\/uploads\/sites\/2\/2023\/06\/logo-site.png","width":4628,"height":1306,"caption":"Sexuality Policy Watch [ES]"},"image":{"@id":"https:\/\/sxpolitics.org\/es\/#\/schema\/logo\/image\/"}}]}},"_links":{"self":[{"href":"https:\/\/sxpolitics.org\/es\/wp-json\/wp\/v2\/pages\/9235","targetHints":{"allow":["GET"]}}],"collection":[{"href":"https:\/\/sxpolitics.org\/es\/wp-json\/wp\/v2\/pages"}],"about":[{"href":"https:\/\/sxpolitics.org\/es\/wp-json\/wp\/v2\/types\/page"}],"author":[{"embeddable":true,"href":"https:\/\/sxpolitics.org\/es\/wp-json\/wp\/v2\/users\/1"}],"replies":[{"embeddable":true,"href":"https:\/\/sxpolitics.org\/es\/wp-json\/wp\/v2\/comments?post=9235"}],"version-history":[{"count":16,"href":"https:\/\/sxpolitics.org\/es\/wp-json\/wp\/v2\/pages\/9235\/revisions"}],"predecessor-version":[{"id":10039,"href":"https:\/\/sxpolitics.org\/es\/wp-json\/wp\/v2\/pages\/9235\/revisions\/10039"}],"wp:attachment":[{"href":"https:\/\/sxpolitics.org\/es\/wp-json\/wp\/v2\/media?parent=9235"}],"curies":[{"name":"wp","href":"https:\/\/api.w.org\/{rel}","templated":true}]}}