{"id":8305,"date":"2023-08-04T16:40:24","date_gmt":"2023-08-04T19:40:24","guid":{"rendered":"https:\/\/spw.fw2web.com.br\/es\/?page_id=8305"},"modified":"2024-03-26T12:03:58","modified_gmt":"2024-03-26T15:03:58","slug":"biblioteca-spw","status":"publish","type":"page","link":"https:\/\/sxpolitics.org\/es\/biblioteca-spw\/","title":{"rendered":"Biblioteca SPW"},"content":{"rendered":"\t\t<div data-elementor-type=\"wp-page\" data-elementor-id=\"8305\" class=\"elementor elementor-8305\" data-elementor-settings=\"{&quot;ha_cmc_init_switcher&quot;:&quot;no&quot;}\">\n\t\t\t\t\t\t<section class=\"elementor-section elementor-top-section elementor-element elementor-element-65c702f0 elementor-section-full_width elementor-section-stretched elementor-section-height-default elementor-section-height-default\" data-id=\"65c702f0\" data-element_type=\"section\" data-e-type=\"section\" data-settings=\"{&quot;background_background&quot;:&quot;classic&quot;,&quot;stretch_section&quot;:&quot;section-stretched&quot;,&quot;_ha_eqh_enable&quot;:false}\">\n\t\t\t\t\t\t\t<div class=\"elementor-background-overlay\"><\/div>\n\t\t\t\t\t\t\t<div class=\"elementor-container elementor-column-gap-no\">\n\t\t\t\t\t<div class=\"elementor-column elementor-col-100 elementor-top-column elementor-element elementor-element-d099896\" data-id=\"d099896\" data-element_type=\"column\" data-e-type=\"column\">\n\t\t\t<div class=\"elementor-widget-wrap elementor-element-populated\">\n\t\t\t\t\t\t<section class=\"elementor-section elementor-inner-section elementor-element elementor-element-5ce55090 elementor-section-boxed elementor-section-height-default elementor-section-height-default\" data-id=\"5ce55090\" data-element_type=\"section\" data-e-type=\"section\" data-settings=\"{&quot;_ha_eqh_enable&quot;:false}\">\n\t\t\t\t\t\t\t<div class=\"elementor-background-overlay\"><\/div>\n\t\t\t\t\t\t\t<div class=\"elementor-container elementor-column-gap-default\">\n\t\t\t\t\t<div class=\"elementor-column elementor-col-100 elementor-inner-column elementor-element elementor-element-2b427cf4\" data-id=\"2b427cf4\" data-element_type=\"column\" data-e-type=\"column\">\n\t\t\t<div class=\"elementor-widget-wrap elementor-element-populated\">\n\t\t\t\t\t\t<div class=\"elementor-element elementor-element-54d43d3e elementor-widget elementor-widget-heading\" data-id=\"54d43d3e\" data-element_type=\"widget\" data-e-type=\"widget\" data-widget_type=\"heading.default\">\n\t\t\t\t<div class=\"elementor-widget-container\">\n\t\t\t\t\t<h2 class=\"elementor-heading-title elementor-size-default\">Biblioteca SPW<\/h2>\t\t\t\t<\/div>\n\t\t\t\t<\/div>\n\t\t\t\t\t<\/div>\n\t\t<\/div>\n\t\t\t\t\t<\/div>\n\t\t<\/section>\n\t\t\t\t\t<\/div>\n\t\t<\/div>\n\t\t\t\t\t<\/div>\n\t\t<\/section>\n\t\t\t\t<section class=\"elementor-section elementor-top-section elementor-element elementor-element-7494588f animated-slow elementor-section-boxed elementor-section-height-default elementor-section-height-default elementor-invisible\" data-id=\"7494588f\" data-element_type=\"section\" data-e-type=\"section\" data-settings=\"{&quot;background_background&quot;:&quot;classic&quot;,&quot;animation&quot;:&quot;fadeInUp&quot;,&quot;_ha_eqh_enable&quot;:false}\">\n\t\t\t\t\t\t<div class=\"elementor-container elementor-column-gap-no\">\n\t\t\t\t\t<div class=\"elementor-column elementor-col-50 elementor-top-column elementor-element elementor-element-303fb10b\" data-id=\"303fb10b\" data-element_type=\"column\" data-e-type=\"column\">\n\t\t\t<div class=\"elementor-widget-wrap elementor-element-populated\">\n\t\t\t\t\t\t<div class=\"elementor-element elementor-element-2651077b elementor-widget elementor-widget-text-editor\" data-id=\"2651077b\" data-element_type=\"widget\" data-e-type=\"widget\" data-widget_type=\"text-editor.default\">\n\t\t\t\t<div class=\"elementor-widget-container\">\n\t\t\t\t\t\t\t\t\t<p><span style=\"font-weight: 400;\">Esta secci\u00f3n concentra los contenidos de autor\u00eda de SPW: sean materiales producidos por nosotros, o traducidos por nuestro equipo desde otros idiomas.<\/span><\/p><p><span style=\"font-weight: 400;\">En \u00ab<\/span><b>Art\u00edculos<\/b><span style=\"font-weight: 400;\">\u00bb se encuentran an\u00e1lisis y coberturas de diversos temas de la pol\u00edtica sexual producidos por nuestro equipo o por autoras y autores invitados. Los <\/span><b>Boletines de la Pol\u00edtica Sexual<\/b><span style=\"font-weight: 400;\"> son los informes peri\u00f3dicos que publicamos hace m\u00e1s de 10 a\u00f1os con una visi\u00f3n general de este escenario en todo el mundo. Las <\/span><b>Entrevistas<\/b><span style=\"font-weight: 400;\"> recogen conversaciones en profundidad con expertos relevantes en nuestros campos, y las <\/span><b>Publicaciones<\/b><span style=\"font-weight: 400;\"> re\u00fanen nuestros informes, estudios y libros de diferentes proyectos de los \u00faltimos 20 a\u00f1os. Por \u00faltimo, en \u00ab<\/span><b>Multimidia<\/b><span style=\"font-weight: 400;\">\u00bb hay material en formatos distintos al texto, como audio y v\u00eddeo, incluidos los eventos que hemos organizado.<\/span><\/p><p><span style=\"font-weight: 400;\">\u00a1No deje de explorar!<\/span><\/p>\t\t\t\t\t\t\t\t<\/div>\n\t\t\t\t<\/div>\n\t\t\t\t\t<\/div>\n\t\t<\/div>\n\t\t\t\t<div class=\"elementor-column elementor-col-50 elementor-top-column elementor-element elementor-element-4622cb7e\" data-id=\"4622cb7e\" data-element_type=\"column\" data-e-type=\"column\">\n\t\t\t<div class=\"elementor-widget-wrap elementor-element-populated\">\n\t\t\t\t\t\t<div class=\"elementor-element elementor-element-1937e843 elementor-widget elementor-widget-upk-post-category\" data-id=\"1937e843\" data-element_type=\"widget\" data-e-type=\"widget\" data-widget_type=\"upk-post-category.default\">\n\t\t\t\t<div class=\"elementor-widget-container\">\n\t\t\t\t\t\t\t\t<div class=\"upk-post-category upk-category-style-2\">\n\t\t\t\t\n\t\t\t\t\t<a class=\"upk-category-item\" href=\"https:\/\/sxpolitics.org\/es\/category\/biblioteca-spw\/articulos\/\">\n\t\t\t\t\t\t<!-- display image  -->\n\t\t\t\t\t\t\t\t\t\t\t\t<div class=\"upk-content\">\n\t\t\t\t\t\t\t<span class=\"upk-category-name\">\n\t\t\t\t\t\t\t\tArt\u00edculos\t\t\t\t\t\t\t<\/span>\n\n\t\t\t\t\t\t\t\n\t\t\t\t\t\t\t\t\t\t\t\t\t<\/div>\n\n\t\t\t\t\t\t\n\t\t\t\t\t<\/a>\n\t\t\t\t\t\n\t\t\t\t\t<a class=\"upk-category-item\" href=\"https:\/\/sxpolitics.org\/es\/category\/biblioteca-spw\/boletin-de-la-politica-sexual\/\">\n\t\t\t\t\t\t<!-- display image  -->\n\t\t\t\t\t\t\t\t\t\t\t\t<div class=\"upk-content\">\n\t\t\t\t\t\t\t<span class=\"upk-category-name\">\n\t\t\t\t\t\t\t\tBolet\u00edn de la Pol\u00edtica Sexual\t\t\t\t\t\t\t<\/span>\n\n\t\t\t\t\t\t\t\n\t\t\t\t\t\t\t\t\t\t\t\t\t<\/div>\n\n\t\t\t\t\t\t\n\t\t\t\t\t<\/a>\n\t\t\t\t\t\n\t\t\t\t\t<a class=\"upk-category-item\" href=\"https:\/\/sxpolitics.org\/es\/category\/biblioteca-spw\/entrevistas\/\">\n\t\t\t\t\t\t<!-- display image  -->\n\t\t\t\t\t\t\t\t\t\t\t\t<div class=\"upk-content\">\n\t\t\t\t\t\t\t<span class=\"upk-category-name\">\n\t\t\t\t\t\t\t\tEntrevistas\t\t\t\t\t\t\t<\/span>\n\n\t\t\t\t\t\t\t\n\t\t\t\t\t\t\t\t\t\t\t\t\t<\/div>\n\n\t\t\t\t\t\t\n\t\t\t\t\t<\/a>\n\t\t\t\t\t\n\t\t\t\t\t<a class=\"upk-category-item\" href=\"https:\/\/sxpolitics.org\/es\/category\/biblioteca-spw\/multimedia\/\">\n\t\t\t\t\t\t<!-- display image  -->\n\t\t\t\t\t\t\t\t\t\t\t\t<div class=\"upk-content\">\n\t\t\t\t\t\t\t<span class=\"upk-category-name\">\n\t\t\t\t\t\t\t\tMultimedia\t\t\t\t\t\t\t<\/span>\n\n\t\t\t\t\t\t\t\n\t\t\t\t\t\t\t\t\t\t\t\t\t<\/div>\n\n\t\t\t\t\t\t\n\t\t\t\t\t<\/a>\n\t\t\t\t\t\n\t\t\t\t\t<a class=\"upk-category-item\" href=\"https:\/\/sxpolitics.org\/es\/category\/biblioteca-spw\/publicaciones\/\">\n\t\t\t\t\t\t<!-- display image  -->\n\t\t\t\t\t\t\t\t\t\t\t\t<div class=\"upk-content\">\n\t\t\t\t\t\t\t<span class=\"upk-category-name\">\n\t\t\t\t\t\t\t\tPublicaciones\t\t\t\t\t\t\t<\/span>\n\n\t\t\t\t\t\t\t\n\t\t\t\t\t\t\t\t\t\t\t\t\t<\/div>\n\n\t\t\t\t\t\t\n\t\t\t\t\t<\/a>\n\t\t\t\t\t\t\t\t<\/div>\n\t\t\t\t\t\t\t<\/div>\n\t\t\t\t<\/div>\n\t\t\t\t\t<\/div>\n\t\t<\/div>\n\t\t\t\t\t<\/div>\n\t\t<\/section>\n\t\t\t\t<\/div>\n\t\t","protected":false},"excerpt":{"rendered":"<p>Biblioteca SPW Esta secci\u00f3n concentra los contenidos de autor\u00eda de SPW: sean materiales producidos por nosotros, o traducidos por nuestro equipo desde otros idiomas. En<\/p>\n","protected":false},"author":1,"featured_media":0,"parent":0,"menu_order":0,"comment_status":"closed","ping_status":"closed","template":"elementor_header_footer","meta":{"_acf_changed":false,"_monsterinsights_skip_tracking":false,"_monsterinsights_sitenote_active":false,"_monsterinsights_sitenote_note":"","_monsterinsights_sitenote_category":0,"footnotes":""},"class_list":["post-8305","page","type-page","status-publish"],"acf":[],"yoast_head":"<!-- This site is optimized with the Yoast SEO plugin v27.1.1 - https:\/\/yoast.com\/product\/yoast-seo-wordpress\/ -->\n<title>Biblioteca SPW - Sexuality Policy Watch [ES]<\/title>\n<meta name=\"robots\" content=\"index, follow, max-snippet:-1, max-image-preview:large, max-video-preview:-1\" \/>\n<link rel=\"canonical\" href=\"https:\/\/sxpolitics.org\/es\/biblioteca-spw\/\" \/>\n<meta property=\"og:locale\" content=\"es_ES\" \/>\n<meta property=\"og:type\" content=\"article\" \/>\n<meta property=\"og:title\" content=\"Biblioteca SPW - Sexuality Policy Watch [ES]\" \/>\n<meta property=\"og:description\" content=\"Biblioteca SPW Esta secci\u00f3n concentra los contenidos de autor\u00eda de SPW: sean materiales producidos por nosotros, o traducidos por nuestro equipo desde otros idiomas. En\" \/>\n<meta property=\"og:url\" content=\"https:\/\/sxpolitics.org\/es\/biblioteca-spw\/\" \/>\n<meta property=\"og:site_name\" content=\"Sexuality Policy Watch [ES]\" \/>\n<meta property=\"article:modified_time\" content=\"2024-03-26T15:03:58+00:00\" \/>\n<meta name=\"twitter:card\" content=\"summary_large_image\" \/>\n<meta name=\"twitter:label1\" content=\"Tiempo de lectura\" \/>\n\t<meta name=\"twitter:data1\" content=\"1 minuto\" \/>\n<script type=\"application\/ld+json\" class=\"yoast-schema-graph\">{\"@context\":\"https:\/\/schema.org\",\"@graph\":[{\"@type\":\"WebPage\",\"@id\":\"https:\/\/sxpolitics.org\/es\/biblioteca-spw\/\",\"url\":\"https:\/\/sxpolitics.org\/es\/biblioteca-spw\/\",\"name\":\"Biblioteca SPW - Sexuality Policy Watch [ES]\",\"isPartOf\":{\"@id\":\"https:\/\/sxpolitics.org\/es\/#website\"},\"datePublished\":\"2023-08-04T19:40:24+00:00\",\"dateModified\":\"2024-03-26T15:03:58+00:00\",\"breadcrumb\":{\"@id\":\"https:\/\/sxpolitics.org\/es\/biblioteca-spw\/#breadcrumb\"},\"inLanguage\":\"es\",\"potentialAction\":[{\"@type\":\"ReadAction\",\"target\":[\"https:\/\/sxpolitics.org\/es\/biblioteca-spw\/\"]}]},{\"@type\":\"BreadcrumbList\",\"@id\":\"https:\/\/sxpolitics.org\/es\/biblioteca-spw\/#breadcrumb\",\"itemListElement\":[{\"@type\":\"ListItem\",\"position\":1,\"name\":\"Home\",\"item\":\"https:\/\/sxpolitics.org\/es\/\"},{\"@type\":\"ListItem\",\"position\":2,\"name\":\"Biblioteca SPW\"}]},{\"@type\":\"WebSite\",\"@id\":\"https:\/\/sxpolitics.org\/es\/#website\",\"url\":\"https:\/\/sxpolitics.org\/es\/\",\"name\":\"Sexuality Policy Watch [ES]\",\"description\":\"Un foro global compuesto por investigadores y activistas de una amplia gama de pa\u00edses y regiones del mundo.\",\"publisher\":{\"@id\":\"https:\/\/sxpolitics.org\/es\/#organization\"},\"potentialAction\":[{\"@type\":\"SearchAction\",\"target\":{\"@type\":\"EntryPoint\",\"urlTemplate\":\"https:\/\/sxpolitics.org\/es\/?s={search_term_string}\"},\"query-input\":{\"@type\":\"PropertyValueSpecification\",\"valueRequired\":true,\"valueName\":\"search_term_string\"}}],\"inLanguage\":\"es\"},{\"@type\":\"Organization\",\"@id\":\"https:\/\/sxpolitics.org\/es\/#organization\",\"name\":\"Sexuality Policy Watch [ES]\",\"url\":\"https:\/\/sxpolitics.org\/es\/\",\"logo\":{\"@type\":\"ImageObject\",\"inLanguage\":\"es\",\"@id\":\"https:\/\/sxpolitics.org\/es\/#\/schema\/logo\/image\/\",\"url\":\"https:\/\/sxpolitics.org\/es\/wp-content\/uploads\/sites\/2\/2023\/06\/logo-site.png\",\"contentUrl\":\"https:\/\/sxpolitics.org\/es\/wp-content\/uploads\/sites\/2\/2023\/06\/logo-site.png\",\"width\":4628,\"height\":1306,\"caption\":\"Sexuality Policy Watch [ES]\"},\"image\":{\"@id\":\"https:\/\/sxpolitics.org\/es\/#\/schema\/logo\/image\/\"}}]}<\/script>\n<!-- \/ Yoast SEO plugin. -->","yoast_head_json":{"title":"Biblioteca SPW - Sexuality Policy Watch [ES]","robots":{"index":"index","follow":"follow","max-snippet":"max-snippet:-1","max-image-preview":"max-image-preview:large","max-video-preview":"max-video-preview:-1"},"canonical":"https:\/\/sxpolitics.org\/es\/biblioteca-spw\/","og_locale":"es_ES","og_type":"article","og_title":"Biblioteca SPW - Sexuality Policy Watch [ES]","og_description":"Biblioteca SPW Esta secci\u00f3n concentra los contenidos de autor\u00eda de SPW: sean materiales producidos por nosotros, o traducidos por nuestro equipo desde otros idiomas. En","og_url":"https:\/\/sxpolitics.org\/es\/biblioteca-spw\/","og_site_name":"Sexuality Policy Watch [ES]","article_modified_time":"2024-03-26T15:03:58+00:00","twitter_card":"summary_large_image","twitter_misc":{"Tiempo de lectura":"1 minuto"},"schema":{"@context":"https:\/\/schema.org","@graph":[{"@type":"WebPage","@id":"https:\/\/sxpolitics.org\/es\/biblioteca-spw\/","url":"https:\/\/sxpolitics.org\/es\/biblioteca-spw\/","name":"Biblioteca SPW - Sexuality Policy Watch [ES]","isPartOf":{"@id":"https:\/\/sxpolitics.org\/es\/#website"},"datePublished":"2023-08-04T19:40:24+00:00","dateModified":"2024-03-26T15:03:58+00:00","breadcrumb":{"@id":"https:\/\/sxpolitics.org\/es\/biblioteca-spw\/#breadcrumb"},"inLanguage":"es","potentialAction":[{"@type":"ReadAction","target":["https:\/\/sxpolitics.org\/es\/biblioteca-spw\/"]}]},{"@type":"BreadcrumbList","@id":"https:\/\/sxpolitics.org\/es\/biblioteca-spw\/#breadcrumb","itemListElement":[{"@type":"ListItem","position":1,"name":"Home","item":"https:\/\/sxpolitics.org\/es\/"},{"@type":"ListItem","position":2,"name":"Biblioteca SPW"}]},{"@type":"WebSite","@id":"https:\/\/sxpolitics.org\/es\/#website","url":"https:\/\/sxpolitics.org\/es\/","name":"Sexuality Policy Watch [ES]","description":"Un foro global compuesto por investigadores y activistas de una amplia gama de pa\u00edses y regiones del mundo.","publisher":{"@id":"https:\/\/sxpolitics.org\/es\/#organization"},"potentialAction":[{"@type":"SearchAction","target":{"@type":"EntryPoint","urlTemplate":"https:\/\/sxpolitics.org\/es\/?s={search_term_string}"},"query-input":{"@type":"PropertyValueSpecification","valueRequired":true,"valueName":"search_term_string"}}],"inLanguage":"es"},{"@type":"Organization","@id":"https:\/\/sxpolitics.org\/es\/#organization","name":"Sexuality Policy Watch [ES]","url":"https:\/\/sxpolitics.org\/es\/","logo":{"@type":"ImageObject","inLanguage":"es","@id":"https:\/\/sxpolitics.org\/es\/#\/schema\/logo\/image\/","url":"https:\/\/sxpolitics.org\/es\/wp-content\/uploads\/sites\/2\/2023\/06\/logo-site.png","contentUrl":"https:\/\/sxpolitics.org\/es\/wp-content\/uploads\/sites\/2\/2023\/06\/logo-site.png","width":4628,"height":1306,"caption":"Sexuality Policy Watch [ES]"},"image":{"@id":"https:\/\/sxpolitics.org\/es\/#\/schema\/logo\/image\/"}}]}},"_links":{"self":[{"href":"https:\/\/sxpolitics.org\/es\/wp-json\/wp\/v2\/pages\/8305","targetHints":{"allow":["GET"]}}],"collection":[{"href":"https:\/\/sxpolitics.org\/es\/wp-json\/wp\/v2\/pages"}],"about":[{"href":"https:\/\/sxpolitics.org\/es\/wp-json\/wp\/v2\/types\/page"}],"author":[{"embeddable":true,"href":"https:\/\/sxpolitics.org\/es\/wp-json\/wp\/v2\/users\/1"}],"replies":[{"embeddable":true,"href":"https:\/\/sxpolitics.org\/es\/wp-json\/wp\/v2\/comments?post=8305"}],"version-history":[{"count":11,"href":"https:\/\/sxpolitics.org\/es\/wp-json\/wp\/v2\/pages\/8305\/revisions"}],"predecessor-version":[{"id":9023,"href":"https:\/\/sxpolitics.org\/es\/wp-json\/wp\/v2\/pages\/8305\/revisions\/9023"}],"wp:attachment":[{"href":"https:\/\/sxpolitics.org\/es\/wp-json\/wp\/v2\/media?parent=8305"}],"curies":[{"name":"wp","href":"https:\/\/api.w.org\/{rel}","templated":true}]}}