{"id":2588,"date":"2015-11-04T21:10:41","date_gmt":"2015-11-04T21:10:41","guid":{"rendered":"http:\/\/sxpolitics.org\/es\/?page_id=2588"},"modified":"2026-01-07T17:23:46","modified_gmt":"2026-01-07T20:23:46","slug":"el-spw","status":"publish","type":"page","link":"https:\/\/sxpolitics.org\/es\/el-spw\/","title":{"rendered":"El SPW"},"content":{"rendered":"\t\t<div data-elementor-type=\"wp-page\" data-elementor-id=\"2588\" class=\"elementor elementor-2588\" data-elementor-settings=\"{&quot;ha_cmc_init_switcher&quot;:&quot;no&quot;}\">\n\t\t\t\t\t\t<section class=\"elementor-section elementor-top-section elementor-element elementor-element-7caa5f8 elementor-section-full_width elementor-section-stretched elementor-section-height-default elementor-section-height-default\" data-id=\"7caa5f8\" data-element_type=\"section\" data-e-type=\"section\" data-settings=\"{&quot;background_background&quot;:&quot;classic&quot;,&quot;stretch_section&quot;:&quot;section-stretched&quot;,&quot;_ha_eqh_enable&quot;:false}\">\n\t\t\t\t\t\t\t<div class=\"elementor-background-overlay\"><\/div>\n\t\t\t\t\t\t\t<div class=\"elementor-container elementor-column-gap-no\">\n\t\t\t\t\t<div class=\"elementor-column elementor-col-100 elementor-top-column elementor-element elementor-element-cdc5c46\" data-id=\"cdc5c46\" data-element_type=\"column\" data-e-type=\"column\">\n\t\t\t<div class=\"elementor-widget-wrap elementor-element-populated\">\n\t\t\t\t\t\t<section class=\"elementor-section elementor-inner-section elementor-element elementor-element-24aaa12 elementor-section-boxed elementor-section-height-default elementor-section-height-default\" data-id=\"24aaa12\" data-element_type=\"section\" data-e-type=\"section\" data-settings=\"{&quot;_ha_eqh_enable&quot;:false}\">\n\t\t\t\t\t\t\t<div class=\"elementor-background-overlay\"><\/div>\n\t\t\t\t\t\t\t<div class=\"elementor-container elementor-column-gap-default\">\n\t\t\t\t\t<div class=\"elementor-column elementor-col-50 elementor-inner-column elementor-element elementor-element-94f792f\" data-id=\"94f792f\" data-element_type=\"column\" data-e-type=\"column\">\n\t\t\t<div class=\"elementor-widget-wrap elementor-element-populated\">\n\t\t\t\t\t\t<div class=\"elementor-element elementor-element-b3f40e0 elementor-widget elementor-widget-heading\" data-id=\"b3f40e0\" data-element_type=\"widget\" data-e-type=\"widget\" data-widget_type=\"heading.default\">\n\t\t\t\t<div class=\"elementor-widget-container\">\n\t\t\t\t\t<h2 class=\"elementor-heading-title elementor-size-default\">\u00bfQui\u00e9nes somos?<\/h2>\t\t\t\t<\/div>\n\t\t\t\t<\/div>\n\t\t\t\t\t<\/div>\n\t\t<\/div>\n\t\t\t\t<div class=\"elementor-column elementor-col-50 elementor-inner-column elementor-element elementor-element-2efa3c1\" data-id=\"2efa3c1\" data-element_type=\"column\" data-e-type=\"column\">\n\t\t\t<div class=\"elementor-widget-wrap\">\n\t\t\t\t\t\t\t<\/div>\n\t\t<\/div>\n\t\t\t\t\t<\/div>\n\t\t<\/section>\n\t\t\t\t\t<\/div>\n\t\t<\/div>\n\t\t\t\t\t<\/div>\n\t\t<\/section>\n\t\t\t\t<section class=\"elementor-section elementor-top-section elementor-element elementor-element-4264686 animated-slow elementor-section-boxed elementor-section-height-default elementor-section-height-default elementor-invisible\" data-id=\"4264686\" data-element_type=\"section\" data-e-type=\"section\" data-settings=\"{&quot;background_background&quot;:&quot;classic&quot;,&quot;animation&quot;:&quot;fadeInUp&quot;,&quot;_ha_eqh_enable&quot;:false}\">\n\t\t\t\t\t\t<div class=\"elementor-container elementor-column-gap-no\">\n\t\t\t\t\t<div class=\"elementor-column elementor-col-50 elementor-top-column elementor-element elementor-element-91146d1\" data-id=\"91146d1\" data-element_type=\"column\" data-e-type=\"column\">\n\t\t\t<div class=\"elementor-widget-wrap elementor-element-populated\">\n\t\t\t\t\t\t<div class=\"elementor-element elementor-element-a3093ee elementor-widget elementor-widget-heading\" data-id=\"a3093ee\" data-element_type=\"widget\" data-e-type=\"widget\" data-widget_type=\"heading.default\">\n\t\t\t\t<div class=\"elementor-widget-container\">\n\t\t\t\t\t<h3 class=\"elementor-heading-title elementor-size-default\">El SPW<\/h3>\t\t\t\t<\/div>\n\t\t\t\t<\/div>\n\t\t\t\t<div class=\"elementor-element elementor-element-5081c8c elementor-widget elementor-widget-text-editor\" data-id=\"5081c8c\" data-element_type=\"widget\" data-e-type=\"widget\" data-widget_type=\"text-editor.default\">\n\t\t\t\t<div class=\"elementor-widget-container\">\n\t\t\t\t\t\t\t\t\t<p><span style=\"font-weight: 400;\">El Observatorio de Sexualidad y Pol\u00edtica (SPW, del ingl\u00e9s Sexuality Policy Watch) es un programa transnacional con sede en la\u00a0<\/span><a href=\"https:\/\/abiaids.org.br\/\"><span style=\"font-weight: 400;\">Asociaci\u00f3n Brasile\u00f1a Interdisciplinaria de SIDA<\/span><\/a><span style=\"font-weight: 400;\">\u00a0(ABIA). Lanzado en el 2002 como International Working Group on Sexuality and Social Policy (IWGSSP), cambi\u00f3 su nombre a Sexuality Policy Watch en el 2006. Desde su creaci\u00f3n el SPW ha colaborado con investigadores, investigadoras y activistas de una amplia gama de pa\u00edses y es una fuente fiable de informaci\u00f3n actualizada sobre datos, resultados de investigaciones y debates p\u00fablicos sobre las pol\u00edticas de g\u00e9nero y sexualidad.\u00a0<\/span><\/p><p><span style=\"font-weight: 400;\">Debido al alcance de nuestro trabajo, SPW publica en ingl\u00e9s, portugu\u00e9s y espa\u00f1ol. Esto se refleja en el dise\u00f1o de nuestro sitio web. Parte del contenido publicado, como nuestro bolet\u00edn peri\u00f3dico y los informes de investigaci\u00f3n pertinentes, est\u00e1n disponibles en los tres idiomas, pero por lo dem\u00e1s los temas var\u00edan.<\/span><\/p>\t\t\t\t\t\t\t\t<\/div>\n\t\t\t\t<\/div>\n\t\t\t\t<section class=\"elementor-section elementor-inner-section elementor-element elementor-element-38e95b9 elementor-section-boxed elementor-section-height-default elementor-section-height-default\" data-id=\"38e95b9\" data-element_type=\"section\" data-e-type=\"section\" data-settings=\"{&quot;background_background&quot;:&quot;classic&quot;,&quot;_ha_eqh_enable&quot;:false}\">\n\t\t\t\t\t\t<div class=\"elementor-container elementor-column-gap-no\">\n\t\t\t\t\t<div class=\"elementor-column elementor-col-100 elementor-inner-column elementor-element elementor-element-6fdcc00\" data-id=\"6fdcc00\" data-element_type=\"column\" data-e-type=\"column\">\n\t\t\t<div class=\"elementor-widget-wrap elementor-element-populated\">\n\t\t\t\t\t\t<div class=\"elementor-element elementor-element-c9c05d3 elementor-widget elementor-widget-heading\" data-id=\"c9c05d3\" data-element_type=\"widget\" data-e-type=\"widget\" data-widget_type=\"heading.default\">\n\t\t\t\t<div class=\"elementor-widget-container\">\n\t\t\t\t\t<h4 class=\"elementor-heading-title elementor-size-default\">\u00bfPor qu\u00e9 sexualidad?<\/h4>\t\t\t\t<\/div>\n\t\t\t\t<\/div>\n\t\t\t\t<div class=\"elementor-element elementor-element-81c2cc4 elementor-widget elementor-widget-text-editor\" data-id=\"81c2cc4\" data-element_type=\"widget\" data-e-type=\"widget\" data-widget_type=\"text-editor.default\">\n\t\t\t\t<div class=\"elementor-widget-container\">\n\t\t\t\t\t\t\t\t\t<p><i><span style=\"font-weight: 400;\">El sexo es siempre pol\u00edtico. Su politizaci\u00f3n implica un esfuerzo continuo por dibujar y sostener una l\u00ednea imaginaria entre el sexo \u00abbueno\u00bb y sexo \u00abmalo\u00bb que resultan de las \u00abjerarqu\u00edas de valor sexual\u00bb establecidas por la religi\u00f3n, la medicina, las pol\u00edticas p\u00fablicas y la cultura popular. Estas jerarqu\u00edas funcionan del mismo modo que los sistemas ideol\u00f3gicos del racismo, el etnocentrismo y el chovinismo religioso. Racionalizan tanto el bienestar de los sexualmente privilegiados como la adversidad del \u2018populacho\u2019 sexual\u00bb. Pero en algunos momentos hist\u00f3ricos, las negociaciones y los debates sobre el buen y el mal sexo son \u00abm\u00e1s agudamente contestados y abiertamente politizados\u00bb (Adaptado de Gayle Rubin, 1984)<\/span><\/i><\/p>\t\t\t\t\t\t\t\t<\/div>\n\t\t\t\t<\/div>\n\t\t\t\t\t<\/div>\n\t\t<\/div>\n\t\t\t\t\t<\/div>\n\t\t<\/section>\n\t\t\t\t\t<\/div>\n\t\t<\/div>\n\t\t\t\t<div class=\"elementor-column elementor-col-50 elementor-top-column elementor-element elementor-element-f8dcd76\" data-id=\"f8dcd76\" data-element_type=\"column\" data-e-type=\"column\">\n\t\t\t<div class=\"elementor-widget-wrap elementor-element-populated\">\n\t\t\t\t\t\t<div class=\"elementor-element elementor-element-1de43ac elementor-widget elementor-widget-image\" data-id=\"1de43ac\" data-element_type=\"widget\" data-e-type=\"widget\" data-widget_type=\"image.default\">\n\t\t\t\t<div class=\"elementor-widget-container\">\n\t\t\t\t\t\t\t\t\t\t\t\t\t\t\t<img fetchpriority=\"high\" decoding=\"async\" width=\"1500\" height=\"1462\" src=\"https:\/\/sxpolitics.org\/es\/wp-content\/uploads\/sites\/2\/2023\/06\/Asset-1@4x.png\" class=\"attachment-full size-full wp-image-8277\" alt=\"\" srcset=\"https:\/\/sxpolitics.org\/es\/wp-content\/uploads\/sites\/2\/2023\/06\/Asset-1@4x.png 1500w, https:\/\/sxpolitics.org\/es\/wp-content\/uploads\/sites\/2\/2023\/06\/Asset-1@4x-800x780.png 800w, https:\/\/sxpolitics.org\/es\/wp-content\/uploads\/sites\/2\/2023\/06\/Asset-1@4x-768x749.png 768w, https:\/\/sxpolitics.org\/es\/wp-content\/uploads\/sites\/2\/2023\/06\/Asset-1@4x-1400x1365.png 1400w\" sizes=\"(max-width: 1500px) 100vw, 1500px\" \/>\t\t\t\t\t\t\t\t\t\t\t\t\t\t\t<\/div>\n\t\t\t\t<\/div>\n\t\t\t\t\t<\/div>\n\t\t<\/div>\n\t\t\t\t\t<\/div>\n\t\t<\/section>\n\t\t\t\t<section class=\"elementor-section elementor-top-section elementor-element elementor-element-08645c3 elementor-section-boxed elementor-section-height-default elementor-section-height-default\" data-id=\"08645c3\" data-element_type=\"section\" data-e-type=\"section\" data-settings=\"{&quot;background_background&quot;:&quot;classic&quot;,&quot;_ha_eqh_enable&quot;:false}\">\n\t\t\t\t\t\t<div class=\"elementor-container elementor-column-gap-default\">\n\t\t\t\t\t<div class=\"elementor-column elementor-col-100 elementor-top-column elementor-element elementor-element-4df3009 animated-slow elementor-invisible\" data-id=\"4df3009\" data-element_type=\"column\" data-e-type=\"column\" data-settings=\"{&quot;animation&quot;:&quot;fadeInLeft&quot;}\">\n\t\t\t<div class=\"elementor-widget-wrap elementor-element-populated\">\n\t\t\t\t\t\t<div class=\"elementor-element elementor-element-214770c elementor-widget elementor-widget-text-editor\" data-id=\"214770c\" data-element_type=\"widget\" data-e-type=\"widget\" data-widget_type=\"text-editor.default\">\n\t\t\t\t<div class=\"elementor-widget-container\">\n\t\t\t\t\t\t\t\t\t<p><span style=\"font-weight: 400;\">En el 2006, cuando SPW cambi\u00f3 de nombre y cre\u00f3 su primera p\u00e1gina web, el panorama mundial ya se presentaba complejo y bastante sombr\u00edo. El prometedor clima de los a\u00f1os inmediatamente posteriores a la Guerra Fr\u00eda se estaba desvaneciendo r\u00e1pidamente bajo los efectos combinados de la penetraci\u00f3n en curso de la racionalidad neoliberal, la creciente repolitizaci\u00f3n transcultural de lo religioso y, lo que no es menos importante, la \u00abguerra contra el terror\u00bb emprendida en\u00e9rgicamente por la administraci\u00f3n Bush. Teniendo ese escenario por delante, recuperamos la reflexi\u00f3n desarrollada por Gayle Rubin, en su cl\u00e1sico art\u00edculo de 1984 \u00abThinking Sex: Notes for a Radical Theory of the Politics of Sexuality\u00bb para aclarar la visi\u00f3n del SPW. Al hacerlo, observamos que los conflictos sociales y pol\u00edticos relacionados con la sexualidad sobre los que Rubin nos advirti\u00f3, lejos de estar resueltos, eran m\u00e1s frecuentes que nunca y se manifestaban a escala mundial.\u00a0<\/span><\/p><p><span style=\"font-weight: 400;\">Si miramos retrospectivamente, a mediados del a\u00f1o 2000, la tensa situaci\u00f3n de los derechos relacionados con el g\u00e9nero y la sexualidad y de las din\u00e1micas sociales m\u00e1s amplias apuntaban hacia lo que vendr\u00eda a continuaci\u00f3n. Menos de diez a\u00f1os despu\u00e9s, las movilizaciones antig\u00e9nero -cuyos principales argumentos hab\u00edan ido madurando desde la d\u00e9cada de 1990- estallaron concomitantemente en pa\u00edses europeos y latinoamericanos. No mucho despu\u00e9s, se aprob\u00f3 el Brexit y Trump gan\u00f3 \u00abinesperadamente\u00bb las elecciones presidenciales en Estados Unidos.<\/span><\/p><p><span style=\"font-weight: 400;\">A la vez que un ataque feroz contra el g\u00e9nero puso en peligro el Refer\u00e9ndum sobre el Acuerdo de Paz en Colombia, instalando un patr\u00f3n en serie de ciclones anti-g\u00e9nero que alimentaron dr\u00e1sticos giros de la ultraderecha que gradualmente remodelar\u00edan los paisajes pol\u00edticos en las Am\u00e9ricas y Europa. Le sigui\u00f3 la elecci\u00f3n de Bolsonaro en Brasil, en el 2018, y aunque pasados m\u00e1s de seis a\u00f1os no es excesivo decir que las elecciones del 2024 al Parlamento Europeo, que resultaron en importantes victorias de la extrema derecha, constituyen el cap\u00edtulo m\u00e1s reciente de este ciclo sombr\u00edo.<\/span><\/p><p><span style=\"font-weight: 400;\">En todos estos casos y en otros -como la elecci\u00f3n de Milei en 2023 en Argentina- estas tormentas electorales perfectas fueron precedidas y alimentadas por variados ciclones antig\u00e9nero. Hoy en d\u00eda, el fantasma del g\u00e9nero, por retomar el marco de Judith Butler, puede decirse que es omnipresente en las corrientes pol\u00edticas subyacentes en toda Am\u00e9rica y Europa, con muchas m\u00e1s ramificaciones m\u00e1s all\u00e1 de estas fronteras. La pol\u00edtica contra el g\u00e9nero es micropol\u00edtica, macropol\u00edtica y cada vez m\u00e1s una nueva forma de geopol\u00edtica cuyos contornos a\u00fan no hemos comprendido bien.<\/span><\/p>\t\t\t\t\t\t\t\t<\/div>\n\t\t\t\t<\/div>\n\t\t\t\t\t<\/div>\n\t\t<\/div>\n\t\t\t\t\t<\/div>\n\t\t<\/section>\n\t\t\t\t<section class=\"elementor-section elementor-top-section elementor-element elementor-element-6ef0e79 elementor-section-boxed elementor-section-height-default elementor-section-height-default\" data-id=\"6ef0e79\" data-element_type=\"section\" data-e-type=\"section\" data-settings=\"{&quot;background_background&quot;:&quot;classic&quot;,&quot;_ha_eqh_enable&quot;:false}\">\n\t\t\t\t\t\t<div class=\"elementor-container elementor-column-gap-default\">\n\t\t\t\t\t<div class=\"elementor-column elementor-col-100 elementor-top-column elementor-element elementor-element-85945cd\" data-id=\"85945cd\" data-element_type=\"column\" data-e-type=\"column\">\n\t\t\t<div class=\"elementor-widget-wrap\">\n\t\t\t\t\t\t\t<\/div>\n\t\t<\/div>\n\t\t\t\t\t<\/div>\n\t\t<\/section>\n\t\t\t\t<\/div>\n\t\t","protected":false},"excerpt":{"rendered":"<p>\u00bfQui\u00e9nes somos? El SPW El Observatorio de Sexualidad y Pol\u00edtica (SPW, del ingl\u00e9s Sexuality Policy Watch) es un programa transnacional con sede en la\u00a0Asociaci\u00f3n Brasile\u00f1a<\/p>\n","protected":false},"author":1,"featured_media":0,"parent":0,"menu_order":0,"comment_status":"closed","ping_status":"closed","template":"elementor_header_footer","meta":{"_acf_changed":false,"_monsterinsights_skip_tracking":false,"_monsterinsights_sitenote_active":false,"_monsterinsights_sitenote_note":"","_monsterinsights_sitenote_category":0,"footnotes":""},"class_list":["post-2588","page","type-page","status-publish"],"acf":[],"yoast_head":"<!-- This site is optimized with the Yoast SEO plugin v27.1.1 - https:\/\/yoast.com\/product\/yoast-seo-wordpress\/ -->\n<title>El SPW - Sexuality Policy Watch [ES]<\/title>\n<meta name=\"robots\" content=\"index, follow, max-snippet:-1, max-image-preview:large, max-video-preview:-1\" \/>\n<link rel=\"canonical\" href=\"https:\/\/sxpolitics.org\/es\/el-spw\/\" \/>\n<meta property=\"og:locale\" content=\"es_ES\" \/>\n<meta property=\"og:type\" content=\"article\" \/>\n<meta property=\"og:title\" content=\"El SPW - Sexuality Policy Watch [ES]\" \/>\n<meta property=\"og:description\" content=\"\u00bfQui\u00e9nes somos? El SPW El Observatorio de Sexualidad y Pol\u00edtica (SPW, del ingl\u00e9s Sexuality Policy Watch) es un programa transnacional con sede en la\u00a0Asociaci\u00f3n Brasile\u00f1a\" \/>\n<meta property=\"og:url\" content=\"https:\/\/sxpolitics.org\/es\/el-spw\/\" \/>\n<meta property=\"og:site_name\" content=\"Sexuality Policy Watch [ES]\" \/>\n<meta property=\"article:modified_time\" content=\"2026-01-07T20:23:46+00:00\" \/>\n<meta property=\"og:image\" content=\"https:\/\/sxpolitics.org\/es\/wp-content\/uploads\/sites\/2\/2023\/06\/Asset-1@4x.png\" \/>\n\t<meta property=\"og:image:width\" content=\"1500\" \/>\n\t<meta property=\"og:image:height\" content=\"1462\" \/>\n\t<meta property=\"og:image:type\" content=\"image\/png\" \/>\n<meta name=\"twitter:card\" content=\"summary_large_image\" \/>\n<meta name=\"twitter:label1\" content=\"Tiempo de lectura\" \/>\n\t<meta name=\"twitter:data1\" content=\"4 minutos\" \/>\n<script type=\"application\/ld+json\" class=\"yoast-schema-graph\">{\"@context\":\"https:\/\/schema.org\",\"@graph\":[{\"@type\":\"WebPage\",\"@id\":\"https:\/\/sxpolitics.org\/es\/el-spw\/\",\"url\":\"https:\/\/sxpolitics.org\/es\/el-spw\/\",\"name\":\"El SPW - Sexuality Policy Watch [ES]\",\"isPartOf\":{\"@id\":\"https:\/\/sxpolitics.org\/es\/#website\"},\"primaryImageOfPage\":{\"@id\":\"https:\/\/sxpolitics.org\/es\/el-spw\/#primaryimage\"},\"image\":{\"@id\":\"https:\/\/sxpolitics.org\/es\/el-spw\/#primaryimage\"},\"thumbnailUrl\":\"https:\/\/sxpolitics.org\/es\/wp-content\/uploads\/sites\/2\/2023\/06\/Asset-1@4x.png\",\"datePublished\":\"2015-11-04T21:10:41+00:00\",\"dateModified\":\"2026-01-07T20:23:46+00:00\",\"breadcrumb\":{\"@id\":\"https:\/\/sxpolitics.org\/es\/el-spw\/#breadcrumb\"},\"inLanguage\":\"es\",\"potentialAction\":[{\"@type\":\"ReadAction\",\"target\":[\"https:\/\/sxpolitics.org\/es\/el-spw\/\"]}]},{\"@type\":\"ImageObject\",\"inLanguage\":\"es\",\"@id\":\"https:\/\/sxpolitics.org\/es\/el-spw\/#primaryimage\",\"url\":\"https:\/\/sxpolitics.org\/es\/wp-content\/uploads\/sites\/2\/2023\/06\/Asset-1@4x.png\",\"contentUrl\":\"https:\/\/sxpolitics.org\/es\/wp-content\/uploads\/sites\/2\/2023\/06\/Asset-1@4x.png\",\"width\":1500,\"height\":1462},{\"@type\":\"BreadcrumbList\",\"@id\":\"https:\/\/sxpolitics.org\/es\/el-spw\/#breadcrumb\",\"itemListElement\":[{\"@type\":\"ListItem\",\"position\":1,\"name\":\"Home\",\"item\":\"https:\/\/sxpolitics.org\/es\/\"},{\"@type\":\"ListItem\",\"position\":2,\"name\":\"El SPW\"}]},{\"@type\":\"WebSite\",\"@id\":\"https:\/\/sxpolitics.org\/es\/#website\",\"url\":\"https:\/\/sxpolitics.org\/es\/\",\"name\":\"Sexuality Policy Watch [ES]\",\"description\":\"Un foro global compuesto por investigadores y activistas de una amplia gama de pa\u00edses y regiones del mundo.\",\"publisher\":{\"@id\":\"https:\/\/sxpolitics.org\/es\/#organization\"},\"potentialAction\":[{\"@type\":\"SearchAction\",\"target\":{\"@type\":\"EntryPoint\",\"urlTemplate\":\"https:\/\/sxpolitics.org\/es\/?s={search_term_string}\"},\"query-input\":{\"@type\":\"PropertyValueSpecification\",\"valueRequired\":true,\"valueName\":\"search_term_string\"}}],\"inLanguage\":\"es\"},{\"@type\":\"Organization\",\"@id\":\"https:\/\/sxpolitics.org\/es\/#organization\",\"name\":\"Sexuality Policy Watch [ES]\",\"url\":\"https:\/\/sxpolitics.org\/es\/\",\"logo\":{\"@type\":\"ImageObject\",\"inLanguage\":\"es\",\"@id\":\"https:\/\/sxpolitics.org\/es\/#\/schema\/logo\/image\/\",\"url\":\"https:\/\/sxpolitics.org\/es\/wp-content\/uploads\/sites\/2\/2023\/06\/logo-site.png\",\"contentUrl\":\"https:\/\/sxpolitics.org\/es\/wp-content\/uploads\/sites\/2\/2023\/06\/logo-site.png\",\"width\":4628,\"height\":1306,\"caption\":\"Sexuality Policy Watch [ES]\"},\"image\":{\"@id\":\"https:\/\/sxpolitics.org\/es\/#\/schema\/logo\/image\/\"}}]}<\/script>\n<!-- \/ Yoast SEO plugin. -->","yoast_head_json":{"title":"El SPW - Sexuality Policy Watch [ES]","robots":{"index":"index","follow":"follow","max-snippet":"max-snippet:-1","max-image-preview":"max-image-preview:large","max-video-preview":"max-video-preview:-1"},"canonical":"https:\/\/sxpolitics.org\/es\/el-spw\/","og_locale":"es_ES","og_type":"article","og_title":"El SPW - Sexuality Policy Watch [ES]","og_description":"\u00bfQui\u00e9nes somos? El SPW El Observatorio de Sexualidad y Pol\u00edtica (SPW, del ingl\u00e9s Sexuality Policy Watch) es un programa transnacional con sede en la\u00a0Asociaci\u00f3n Brasile\u00f1a","og_url":"https:\/\/sxpolitics.org\/es\/el-spw\/","og_site_name":"Sexuality Policy Watch [ES]","article_modified_time":"2026-01-07T20:23:46+00:00","og_image":[{"width":1500,"height":1462,"url":"https:\/\/sxpolitics.org\/es\/wp-content\/uploads\/sites\/2\/2023\/06\/Asset-1@4x.png","type":"image\/png"}],"twitter_card":"summary_large_image","twitter_misc":{"Tiempo de lectura":"4 minutos"},"schema":{"@context":"https:\/\/schema.org","@graph":[{"@type":"WebPage","@id":"https:\/\/sxpolitics.org\/es\/el-spw\/","url":"https:\/\/sxpolitics.org\/es\/el-spw\/","name":"El SPW - Sexuality Policy Watch [ES]","isPartOf":{"@id":"https:\/\/sxpolitics.org\/es\/#website"},"primaryImageOfPage":{"@id":"https:\/\/sxpolitics.org\/es\/el-spw\/#primaryimage"},"image":{"@id":"https:\/\/sxpolitics.org\/es\/el-spw\/#primaryimage"},"thumbnailUrl":"https:\/\/sxpolitics.org\/es\/wp-content\/uploads\/sites\/2\/2023\/06\/Asset-1@4x.png","datePublished":"2015-11-04T21:10:41+00:00","dateModified":"2026-01-07T20:23:46+00:00","breadcrumb":{"@id":"https:\/\/sxpolitics.org\/es\/el-spw\/#breadcrumb"},"inLanguage":"es","potentialAction":[{"@type":"ReadAction","target":["https:\/\/sxpolitics.org\/es\/el-spw\/"]}]},{"@type":"ImageObject","inLanguage":"es","@id":"https:\/\/sxpolitics.org\/es\/el-spw\/#primaryimage","url":"https:\/\/sxpolitics.org\/es\/wp-content\/uploads\/sites\/2\/2023\/06\/Asset-1@4x.png","contentUrl":"https:\/\/sxpolitics.org\/es\/wp-content\/uploads\/sites\/2\/2023\/06\/Asset-1@4x.png","width":1500,"height":1462},{"@type":"BreadcrumbList","@id":"https:\/\/sxpolitics.org\/es\/el-spw\/#breadcrumb","itemListElement":[{"@type":"ListItem","position":1,"name":"Home","item":"https:\/\/sxpolitics.org\/es\/"},{"@type":"ListItem","position":2,"name":"El SPW"}]},{"@type":"WebSite","@id":"https:\/\/sxpolitics.org\/es\/#website","url":"https:\/\/sxpolitics.org\/es\/","name":"Sexuality Policy Watch [ES]","description":"Un foro global compuesto por investigadores y activistas de una amplia gama de pa\u00edses y regiones del mundo.","publisher":{"@id":"https:\/\/sxpolitics.org\/es\/#organization"},"potentialAction":[{"@type":"SearchAction","target":{"@type":"EntryPoint","urlTemplate":"https:\/\/sxpolitics.org\/es\/?s={search_term_string}"},"query-input":{"@type":"PropertyValueSpecification","valueRequired":true,"valueName":"search_term_string"}}],"inLanguage":"es"},{"@type":"Organization","@id":"https:\/\/sxpolitics.org\/es\/#organization","name":"Sexuality Policy Watch [ES]","url":"https:\/\/sxpolitics.org\/es\/","logo":{"@type":"ImageObject","inLanguage":"es","@id":"https:\/\/sxpolitics.org\/es\/#\/schema\/logo\/image\/","url":"https:\/\/sxpolitics.org\/es\/wp-content\/uploads\/sites\/2\/2023\/06\/logo-site.png","contentUrl":"https:\/\/sxpolitics.org\/es\/wp-content\/uploads\/sites\/2\/2023\/06\/logo-site.png","width":4628,"height":1306,"caption":"Sexuality Policy Watch [ES]"},"image":{"@id":"https:\/\/sxpolitics.org\/es\/#\/schema\/logo\/image\/"}}]}},"_links":{"self":[{"href":"https:\/\/sxpolitics.org\/es\/wp-json\/wp\/v2\/pages\/2588","targetHints":{"allow":["GET"]}}],"collection":[{"href":"https:\/\/sxpolitics.org\/es\/wp-json\/wp\/v2\/pages"}],"about":[{"href":"https:\/\/sxpolitics.org\/es\/wp-json\/wp\/v2\/types\/page"}],"author":[{"embeddable":true,"href":"https:\/\/sxpolitics.org\/es\/wp-json\/wp\/v2\/users\/1"}],"replies":[{"embeddable":true,"href":"https:\/\/sxpolitics.org\/es\/wp-json\/wp\/v2\/comments?post=2588"}],"version-history":[{"count":19,"href":"https:\/\/sxpolitics.org\/es\/wp-json\/wp\/v2\/pages\/2588\/revisions"}],"predecessor-version":[{"id":9951,"href":"https:\/\/sxpolitics.org\/es\/wp-json\/wp\/v2\/pages\/2588\/revisions\/9951"}],"wp:attachment":[{"href":"https:\/\/sxpolitics.org\/es\/wp-json\/wp\/v2\/media?parent=2588"}],"curies":[{"name":"wp","href":"https:\/\/api.w.org\/{rel}","templated":true}]}}