{"id":2571,"date":"2015-11-04T20:55:04","date_gmt":"2015-11-04T20:55:04","guid":{"rendered":"http:\/\/sxpolitics.org\/es\/?page_id=2571"},"modified":"2015-11-04T20:55:04","modified_gmt":"2015-11-04T20:55:04","slug":"pesquisa-politica","status":"publish","type":"page","link":"https:\/\/sxpolitics.org\/es\/pesquisa-politica\/","title":{"rendered":"Investigaci\u00f3n &amp; Pol\u00edtica"},"content":{"rendered":"<p>En 2013 el Observatorio de Sexualidad (SPW) y pol\u00edtica implement\u00f3 un programa de capacitaci\u00f3n dise\u00f1ado para reflejar c\u00f3mo la teor\u00eda, la investigaci\u00f3n y la pol\u00edtica pueden influir en el cambio social significativo. Los y las participantes seleccionados\/as vinieron de varias partes del mundo aunque prioritariamente del Sur Global.<\/p>\n<p><img fetchpriority=\"high\" decoding=\"async\" class=\"aligncenter size-full wp-image-11361\" src=\"\/wp-content\/uploads\/2014\/11\/trainning2013.jpg\" alt=\"trainning2013\" width=\"846\" height=\"233\" \/><\/p>\n<p><a href=\"\/wp-content\/uploads\/2014\/11\/trainning1.jpg\"><img decoding=\"async\" class=\" wp-image-11416 alignright\" src=\"\/wp-content\/uploads\/2014\/11\/trainning1-300x132.jpg\" alt=\"trainning1\" width=\"212\" height=\"93\" \/><\/a>El primer taller se llev\u00f3 a cabo en R\u00edo de Janeiro en marzo de 2013. En total participaron 18 j\u00f3venes investigadores y activistas provenientes de Angola, Argentina, Brasil, Camer\u00fan, China, Egipto, India, M\u00e9xico, Filipinas, Senegal, Sud\u00e1frica, Trinidad y Tobago (<a href=\"http:\/\/sxpolitics.org\/spw-activities-33\/8005\" target=\"_blank\" rel=\"noopener\">m\u00e1s informaci\u00f3n aqu\u00ed en Ingl\u00e9s<\/a>). El informe final est\u00e1 <a href=\"https:\/\/docs.google.com\/file\/d\/0BxRjD38pp0hyOUFvQjdLdnJxaGlqNmNzT3p6cTlUWXNicDBr\/edit\" target=\"_blank\" rel=\"noopener\">disponible aqu\u00ed<\/a>.<\/p>\n<p>El segundo<a href=\"\/wp-content\/uploads\/2014\/11\/foto_training.jpg\"><img decoding=\"async\" class=\"alignleft wp-image-11417\" src=\"\/wp-content\/uploads\/2014\/11\/foto_training-300x199.jpg\" alt=\"foto_training\" width=\"244\" height=\"162\" \/><\/a> taller (<a href=\"http:\/\/sxpolitics.org\/spw-activities-35\/8388\" target=\"_blank\" rel=\"noopener\">en Ingl\u00e9s<\/a>) se llev\u00f3 a cabo en Buenos Aires en agosto del mismo a\u00f1o, justo antes de la Conferencia de la Asociaci\u00f3n Internacional de Estudios de la Sexualidad, Cultura y Sociedad (IASSCS). Han <a href=\"http:\/\/sxpolitics.org\/es\/wp-content\/uploads\/sites\/3\/2015\/11\/Bs.As-Participants.pdf\">participado activistas e investigadores<\/a> de Argentina, Brasil, China, Ecuador, India, M\u00e9xico, Nigeria, Filipinas, Sri Lanka, Tailandia, Kirguizist\u00e1n, Ucrania y los Estados Unidos.<\/p>\n<p>Los mentores de la capacitaci\u00f3n fueron <a href=\"http:\/\/sxpolitics.org\/es\/wp-content\/uploads\/sites\/3\/2015\/11\/resource-persons.pdf\">miembros y colaboradores de SPW<\/a>.<\/p>\n","protected":false},"excerpt":{"rendered":"<p>En 2013 el Observatorio de Sexualidad (SPW) y pol\u00edtica implement\u00f3 un programa de capacitaci\u00f3n dise\u00f1ado para reflejar c\u00f3mo la teor\u00eda, la investigaci\u00f3n y la pol\u00edtica<\/p>\n","protected":false},"author":1,"featured_media":0,"parent":0,"menu_order":0,"comment_status":"closed","ping_status":"closed","template":"","meta":{"_acf_changed":false,"_monsterinsights_skip_tracking":false,"_monsterinsights_sitenote_active":false,"_monsterinsights_sitenote_note":"","_monsterinsights_sitenote_category":0,"footnotes":""},"class_list":["post-2571","page","type-page","status-publish"],"acf":[],"yoast_head":"<!-- This site is optimized with the Yoast SEO plugin v27.1.1 - https:\/\/yoast.com\/product\/yoast-seo-wordpress\/ -->\n<title>Investigaci\u00f3n &amp; Pol\u00edtica - Sexuality Policy Watch [ES]<\/title>\n<meta name=\"robots\" content=\"index, follow, max-snippet:-1, max-image-preview:large, max-video-preview:-1\" \/>\n<link rel=\"canonical\" href=\"https:\/\/sxpolitics.org\/es\/pesquisa-politica\/\" \/>\n<meta property=\"og:locale\" content=\"es_ES\" \/>\n<meta property=\"og:type\" content=\"article\" \/>\n<meta property=\"og:title\" content=\"Investigaci\u00f3n &amp; Pol\u00edtica - Sexuality Policy Watch [ES]\" \/>\n<meta property=\"og:description\" content=\"En 2013 el Observatorio de Sexualidad (SPW) y pol\u00edtica implement\u00f3 un programa de capacitaci\u00f3n dise\u00f1ado para reflejar c\u00f3mo la teor\u00eda, la investigaci\u00f3n y la pol\u00edtica\" \/>\n<meta property=\"og:url\" content=\"https:\/\/sxpolitics.org\/es\/pesquisa-politica\/\" \/>\n<meta property=\"og:site_name\" content=\"Sexuality Policy Watch [ES]\" \/>\n<meta name=\"twitter:card\" content=\"summary_large_image\" \/>\n<meta name=\"twitter:label1\" content=\"Tiempo de lectura\" \/>\n\t<meta name=\"twitter:data1\" content=\"1 minuto\" \/>\n<script type=\"application\/ld+json\" class=\"yoast-schema-graph\">{\"@context\":\"https:\/\/schema.org\",\"@graph\":[{\"@type\":\"WebPage\",\"@id\":\"https:\/\/sxpolitics.org\/es\/pesquisa-politica\/\",\"url\":\"https:\/\/sxpolitics.org\/es\/pesquisa-politica\/\",\"name\":\"Investigaci\u00f3n &amp; Pol\u00edtica - Sexuality Policy Watch [ES]\",\"isPartOf\":{\"@id\":\"https:\/\/sxpolitics.org\/es\/#website\"},\"datePublished\":\"2015-11-04T20:55:04+00:00\",\"breadcrumb\":{\"@id\":\"https:\/\/sxpolitics.org\/es\/pesquisa-politica\/#breadcrumb\"},\"inLanguage\":\"es\",\"potentialAction\":[{\"@type\":\"ReadAction\",\"target\":[\"https:\/\/sxpolitics.org\/es\/pesquisa-politica\/\"]}]},{\"@type\":\"BreadcrumbList\",\"@id\":\"https:\/\/sxpolitics.org\/es\/pesquisa-politica\/#breadcrumb\",\"itemListElement\":[{\"@type\":\"ListItem\",\"position\":1,\"name\":\"Home\",\"item\":\"https:\/\/sxpolitics.org\/es\/\"},{\"@type\":\"ListItem\",\"position\":2,\"name\":\"Investigaci\u00f3n &amp; Pol\u00edtica\"}]},{\"@type\":\"WebSite\",\"@id\":\"https:\/\/sxpolitics.org\/es\/#website\",\"url\":\"https:\/\/sxpolitics.org\/es\/\",\"name\":\"Sexuality Policy Watch [ES]\",\"description\":\"Un foro global compuesto por investigadores y activistas de una amplia gama de pa\u00edses y regiones del mundo.\",\"publisher\":{\"@id\":\"https:\/\/sxpolitics.org\/es\/#organization\"},\"potentialAction\":[{\"@type\":\"SearchAction\",\"target\":{\"@type\":\"EntryPoint\",\"urlTemplate\":\"https:\/\/sxpolitics.org\/es\/?s={search_term_string}\"},\"query-input\":{\"@type\":\"PropertyValueSpecification\",\"valueRequired\":true,\"valueName\":\"search_term_string\"}}],\"inLanguage\":\"es\"},{\"@type\":\"Organization\",\"@id\":\"https:\/\/sxpolitics.org\/es\/#organization\",\"name\":\"Sexuality Policy Watch [ES]\",\"url\":\"https:\/\/sxpolitics.org\/es\/\",\"logo\":{\"@type\":\"ImageObject\",\"inLanguage\":\"es\",\"@id\":\"https:\/\/sxpolitics.org\/es\/#\/schema\/logo\/image\/\",\"url\":\"https:\/\/sxpolitics.org\/es\/wp-content\/uploads\/sites\/2\/2023\/06\/logo-site.png\",\"contentUrl\":\"https:\/\/sxpolitics.org\/es\/wp-content\/uploads\/sites\/2\/2023\/06\/logo-site.png\",\"width\":4628,\"height\":1306,\"caption\":\"Sexuality Policy Watch [ES]\"},\"image\":{\"@id\":\"https:\/\/sxpolitics.org\/es\/#\/schema\/logo\/image\/\"}}]}<\/script>\n<!-- \/ Yoast SEO plugin. -->","yoast_head_json":{"title":"Investigaci\u00f3n &amp; Pol\u00edtica - Sexuality Policy Watch [ES]","robots":{"index":"index","follow":"follow","max-snippet":"max-snippet:-1","max-image-preview":"max-image-preview:large","max-video-preview":"max-video-preview:-1"},"canonical":"https:\/\/sxpolitics.org\/es\/pesquisa-politica\/","og_locale":"es_ES","og_type":"article","og_title":"Investigaci\u00f3n &amp; Pol\u00edtica - Sexuality Policy Watch [ES]","og_description":"En 2013 el Observatorio de Sexualidad (SPW) y pol\u00edtica implement\u00f3 un programa de capacitaci\u00f3n dise\u00f1ado para reflejar c\u00f3mo la teor\u00eda, la investigaci\u00f3n y la pol\u00edtica","og_url":"https:\/\/sxpolitics.org\/es\/pesquisa-politica\/","og_site_name":"Sexuality Policy Watch [ES]","twitter_card":"summary_large_image","twitter_misc":{"Tiempo de lectura":"1 minuto"},"schema":{"@context":"https:\/\/schema.org","@graph":[{"@type":"WebPage","@id":"https:\/\/sxpolitics.org\/es\/pesquisa-politica\/","url":"https:\/\/sxpolitics.org\/es\/pesquisa-politica\/","name":"Investigaci\u00f3n &amp; Pol\u00edtica - Sexuality Policy Watch [ES]","isPartOf":{"@id":"https:\/\/sxpolitics.org\/es\/#website"},"datePublished":"2015-11-04T20:55:04+00:00","breadcrumb":{"@id":"https:\/\/sxpolitics.org\/es\/pesquisa-politica\/#breadcrumb"},"inLanguage":"es","potentialAction":[{"@type":"ReadAction","target":["https:\/\/sxpolitics.org\/es\/pesquisa-politica\/"]}]},{"@type":"BreadcrumbList","@id":"https:\/\/sxpolitics.org\/es\/pesquisa-politica\/#breadcrumb","itemListElement":[{"@type":"ListItem","position":1,"name":"Home","item":"https:\/\/sxpolitics.org\/es\/"},{"@type":"ListItem","position":2,"name":"Investigaci\u00f3n &amp; Pol\u00edtica"}]},{"@type":"WebSite","@id":"https:\/\/sxpolitics.org\/es\/#website","url":"https:\/\/sxpolitics.org\/es\/","name":"Sexuality Policy Watch [ES]","description":"Un foro global compuesto por investigadores y activistas de una amplia gama de pa\u00edses y regiones del mundo.","publisher":{"@id":"https:\/\/sxpolitics.org\/es\/#organization"},"potentialAction":[{"@type":"SearchAction","target":{"@type":"EntryPoint","urlTemplate":"https:\/\/sxpolitics.org\/es\/?s={search_term_string}"},"query-input":{"@type":"PropertyValueSpecification","valueRequired":true,"valueName":"search_term_string"}}],"inLanguage":"es"},{"@type":"Organization","@id":"https:\/\/sxpolitics.org\/es\/#organization","name":"Sexuality Policy Watch [ES]","url":"https:\/\/sxpolitics.org\/es\/","logo":{"@type":"ImageObject","inLanguage":"es","@id":"https:\/\/sxpolitics.org\/es\/#\/schema\/logo\/image\/","url":"https:\/\/sxpolitics.org\/es\/wp-content\/uploads\/sites\/2\/2023\/06\/logo-site.png","contentUrl":"https:\/\/sxpolitics.org\/es\/wp-content\/uploads\/sites\/2\/2023\/06\/logo-site.png","width":4628,"height":1306,"caption":"Sexuality Policy Watch [ES]"},"image":{"@id":"https:\/\/sxpolitics.org\/es\/#\/schema\/logo\/image\/"}}]}},"_links":{"self":[{"href":"https:\/\/sxpolitics.org\/es\/wp-json\/wp\/v2\/pages\/2571","targetHints":{"allow":["GET"]}}],"collection":[{"href":"https:\/\/sxpolitics.org\/es\/wp-json\/wp\/v2\/pages"}],"about":[{"href":"https:\/\/sxpolitics.org\/es\/wp-json\/wp\/v2\/types\/page"}],"author":[{"embeddable":true,"href":"https:\/\/sxpolitics.org\/es\/wp-json\/wp\/v2\/users\/1"}],"replies":[{"embeddable":true,"href":"https:\/\/sxpolitics.org\/es\/wp-json\/wp\/v2\/comments?post=2571"}],"version-history":[{"count":0,"href":"https:\/\/sxpolitics.org\/es\/wp-json\/wp\/v2\/pages\/2571\/revisions"}],"wp:attachment":[{"href":"https:\/\/sxpolitics.org\/es\/wp-json\/wp\/v2\/media?parent=2571"}],"curies":[{"name":"wp","href":"https:\/\/api.w.org\/{rel}","templated":true}]}}