{"id":2569,"date":"2015-11-04T20:54:06","date_gmt":"2015-11-04T20:54:06","guid":{"rendered":"http:\/\/sxpolitics.org\/es\/?page_id=2569"},"modified":"2015-11-04T20:54:06","modified_gmt":"2015-11-04T20:54:06","slug":"analises-estrategicos","status":"publish","type":"page","link":"https:\/\/sxpolitics.org\/es\/analises-estrategicos\/","title":{"rendered":"An\u00e1lisis Estrat\u00e9gico"},"content":{"rendered":"<p>En el marco del programa de An\u00e1lisis Estrat\u00e9gicos Transnacionales, en 2018, el Observatorio de Sexualidad y Pol\u00edtica (SPW) inici\u00f3 una nueva l\u00ednea de trabajo. Ese nuevo proyecto que se llama Genero y Pol\u00edtica en Am\u00e9rica Latina incluye estudios de caso en diez pa\u00edses &#8211; Argentina, Brasil, Colombia, Costa Rica, Ecuador, M\u00e9xico, Paraguay, Per\u00fa y Uruguay. Tambi\u00e9n contempla traducci\u00f3n de literatura relevante sobre la tem\u00e1tica, selecci\u00f3n y diseminaci\u00f3n de an\u00e1lisis acad\u00e9micos, art\u00edculos de prensa, as\u00ed como producci\u00f3n audiovisual sobre el tema. <a href=\"https:\/\/sxpolitics.org\/GPAL\" target=\"_blank\" rel=\"noopener\">Para conocer m\u00e1s sobre esa nueva iniciativa de investigaci\u00f3n y acci\u00f3n visite el sitio web G&amp;PAL\u00a0<\/a><\/p>\n<p><img fetchpriority=\"high\" decoding=\"async\" class=\"alignnone size-large wp-image-4179 aligncenter\" src=\"https:\/\/sxpolitics.org\/es\/wp-content\/uploads\/sites\/3\/2018\/12\/spw2018-1024x683.jpg\" alt=\"\" width=\"656\" height=\"438\" \/><\/p>\n<hr style=\"border: 3px dashed #377DBB;margin: 40px 0\" \/>\n<p>En el 2015 SPW ha empezado un nuevo ciclo de an\u00e1lisis global desarrollando un proyecto titulado Mapeando tendencias y tensiones de la pol\u00edtica sexual global en el siglo XXI. Como sugiere el t\u00edtulo, tenemos como objetivo hacer evaluaciones cr\u00edticas de las tendencias y cambios en los diversos dominios de la pol\u00edtica sexual (y particularmente de la pol\u00edtica de los derechos sexuales) de los primeros 15 a\u00f1os del siglo XXI, un per\u00edodo que coincide con la propia trayectoria del SPW que estren\u00f3 en el 2002.<\/p>\n<p><a href=\"http:\/\/sxpolitics.org\/es\/wp-content\/uploads\/sites\/3\/2015\/11\/SexPolitics-1-1024x524.jpg\"><img decoding=\"async\" class=\"wp-image-3566 size-large alignnone aligncenter\" src=\"http:\/\/sxpolitics.org\/es\/wp-content\/uploads\/sites\/3\/2015\/11\/SexPolitics-1-1024x524-1024x524.jpg\" alt=\"sexpolitics-1-1024x524\" width=\"656\" height=\"336\" \/><\/a><\/p>\n<p>En ese contexto el SPW ha invitado un grupo de 30 investigadores y activistas para escribir art\u00edculos que tratan de una variedad de t\u00f3picos relativos a la pol\u00edtica sexual. A continuaci\u00f3n, unos d\u00edas antes de la Conferencia Internacional de SIDA, en julio de 2016, organizamos una reuni\u00f3n en Durban, Sud\u00e1frica, donde se han reunido los autores y las autoras para una rueda de conversaciones sobre los art\u00edculos. Adem\u00e1s han sido invitados\/as 11 colaboradores\/as para participar de esa reuni\u00f3n como comentadores\/as. Mark Gevisser, uno de los comentadores, hizo un an\u00e1lisis muy instigante sobre los debates de Durban, el cual se puede leer <a href=\"http:\/\/sxpolitics.org\/es\/tendencias-globales-de-la-politica-sexual-contemporanea\/3604\" target=\"_blank\" rel=\"noopener\">aqu\u00ed<\/a>. Nuestro proyecto seguir\u00e1 desarroll\u00e1ndose hasta el 2017.<\/p>\n<hr style=\"border: 3px dashed #377DBB;margin: 40px 0\" \/>\n<p>En 2013, el SPW en conjunto con un grupo de colaboradoras y colaboradores desarroll\u00f3 una nueva l\u00ednea de investigaci\u00f3n para examinar las intersecciones entre las nuevas tendencias geopol\u00edticas \u2013 que se expresan especialmente en emergencia de Brasil, China, India y Sud\u00e1frica \u2013 y la pol\u00edtica de derechos sexuales y derechos humanos. Los resultados de este esfuerzo se encuentran en los <a href=\"http:\/\/sxpolitics.org\/ptbr\/working-paper-no-10-potencias-emergentes-seriam-as-questoes-de-sexualidade-e-os-direitos-humanos-um-assunto-secundario\/5054\" target=\"_blank\" rel=\"noopener\">Working Papers Nos. 10<\/a> y <a href=\"http:\/\/sxpolitics.org\/working-paper-11-emerging-powers-sexuality-and-human-rights-fumbling-around-the-elephant\/13363\" target=\"_blank\" rel=\"noopener\">11 (ese \u00faltimo solamente en ingl\u00e9s)<\/a>. En ese mismo marco, tambi\u00e9n se produjo una <a href=\"http:\/\/sxpolitics.org\/ptbr\/novos-produtos-spw\/5017\" target=\"_blank\" rel=\"noopener\">serie de videos filmados<\/a> durante los Di\u00e1logos sobre el Desarrollo de la Sociedad Civil, que ocurrieron paralelamente a la VI Reuni\u00f3n del BRICS en Fortaleza, Brasil (julio\/2014).<\/p>\n<p><img decoding=\"async\" class=\"aligncenter size-full wp-image-11354\" src=\"http:\/\/sxpolitics.org\/wp-content\/uploads\/2015\/04\/spw-publications.jpg\" alt=\"spw-publications\" width=\"700\" height=\"267\" \/><\/p>\n<p>Entre 2009 y 2014 otro esfuerzo de investigaci\u00f3n global fue realizado por el SPW que abarc\u00f3 Di\u00e1logos Regionales sobre Sexualidad y (Geo)Pol\u00edtica en Asia, Am\u00e9rica Latina y \u00c1frica, bien como un di\u00e1logo interregional. Los resultados de investigaci\u00f3n y el debate que se produjo en los di\u00e1logos resultaron en la publicaci\u00f3n de dos libros electr\u00f3nicos: <a href=\"http:\/\/www.sxpolitics.org\/sexuality-and-politics\/\" target=\"_blank\" rel=\"noopener\">Sexualidad y Pol\u00edtica: di\u00e1logos regionales del Sur Global Vol I y Vol II<\/a>.<\/p>\n<hr style=\"border: 3px dashed #377DBB;margin: 40px 0\" \/>\n<p>Entre 2004 y 2007, SPW hizo su primer esfuerzo global de investigaci\u00f3n en el cual se ha examinado las pol\u00edticas sexuales en ocho pa\u00edses \u2013 Brasil, Egipto, India, Per\u00fa, Polonia, Sud\u00e1frica, Turqu\u00eda y Vietnam \u2013 adem\u00e1s de dos instituciones de alcance global: las Naciones Unidas y el Banco Mundial. Ese esfuerzo result\u00f3 en el libro Pol\u00edticas sobre\u00a0<a href=\"http:\/\/www.sxpolitics.org\/frontlines\/espanol\/home\/index.php\">Sexualidad: reportes desde las l\u00edneas del frente<\/a>. Mientras esta investigaci\u00f3n se desarrollaba, Sonia Correa, Richard Parker y Rosalind Petchesky estuvieron involucrados en un proyecto paralelo que dio lugar al libro\u00a0<a href=\"http:\/\/sxpolitics.org\/sexuality-health-and-human-rights\/969\">Sexualidad, Salud y Derechos Humanos,<\/a>\u00a0publicado por Routledge en 2008.<\/p>\n","protected":false},"excerpt":{"rendered":"<p>En el marco del programa de An\u00e1lisis Estrat\u00e9gicos Transnacionales, en 2018, el Observatorio de Sexualidad y Pol\u00edtica (SPW) inici\u00f3 una nueva l\u00ednea de trabajo. Ese<\/p>\n","protected":false},"author":1,"featured_media":0,"parent":0,"menu_order":0,"comment_status":"closed","ping_status":"closed","template":"","meta":{"_acf_changed":false,"_monsterinsights_skip_tracking":false,"_monsterinsights_sitenote_active":false,"_monsterinsights_sitenote_note":"","_monsterinsights_sitenote_category":0,"footnotes":""},"class_list":["post-2569","page","type-page","status-publish"],"acf":[],"yoast_head":"<!-- This site is optimized with the Yoast SEO plugin v27.1.1 - https:\/\/yoast.com\/product\/yoast-seo-wordpress\/ -->\n<title>An\u00e1lisis Estrat\u00e9gico - Sexuality Policy Watch [ES]<\/title>\n<meta name=\"robots\" content=\"index, follow, max-snippet:-1, max-image-preview:large, max-video-preview:-1\" \/>\n<link rel=\"canonical\" href=\"https:\/\/sxpolitics.org\/es\/analises-estrategicos\/\" \/>\n<meta property=\"og:locale\" content=\"es_ES\" \/>\n<meta property=\"og:type\" content=\"article\" \/>\n<meta property=\"og:title\" content=\"An\u00e1lisis Estrat\u00e9gico - Sexuality Policy Watch [ES]\" \/>\n<meta property=\"og:description\" content=\"En el marco del programa de An\u00e1lisis Estrat\u00e9gicos Transnacionales, en 2018, el Observatorio de Sexualidad y Pol\u00edtica (SPW) inici\u00f3 una nueva l\u00ednea de trabajo. Ese\" \/>\n<meta property=\"og:url\" content=\"https:\/\/sxpolitics.org\/es\/analises-estrategicos\/\" \/>\n<meta property=\"og:site_name\" content=\"Sexuality Policy Watch [ES]\" \/>\n<meta property=\"og:image\" content=\"https:\/\/sxpolitics.org\/es\/wp-content\/uploads\/sites\/3\/2018\/12\/spw2018-1024x683.jpg\" \/>\n<meta name=\"twitter:card\" content=\"summary_large_image\" \/>\n<meta name=\"twitter:label1\" content=\"Tiempo de lectura\" \/>\n\t<meta name=\"twitter:data1\" content=\"3 minutos\" \/>\n<script type=\"application\/ld+json\" class=\"yoast-schema-graph\">{\"@context\":\"https:\/\/schema.org\",\"@graph\":[{\"@type\":\"WebPage\",\"@id\":\"https:\/\/sxpolitics.org\/es\/analises-estrategicos\/\",\"url\":\"https:\/\/sxpolitics.org\/es\/analises-estrategicos\/\",\"name\":\"An\u00e1lisis Estrat\u00e9gico - Sexuality Policy Watch [ES]\",\"isPartOf\":{\"@id\":\"https:\/\/sxpolitics.org\/es\/#website\"},\"primaryImageOfPage\":{\"@id\":\"https:\/\/sxpolitics.org\/es\/analises-estrategicos\/#primaryimage\"},\"image\":{\"@id\":\"https:\/\/sxpolitics.org\/es\/analises-estrategicos\/#primaryimage\"},\"thumbnailUrl\":\"https:\/\/sxpolitics.org\/es\/wp-content\/uploads\/sites\/3\/2018\/12\/spw2018-1024x683.jpg\",\"datePublished\":\"2015-11-04T20:54:06+00:00\",\"breadcrumb\":{\"@id\":\"https:\/\/sxpolitics.org\/es\/analises-estrategicos\/#breadcrumb\"},\"inLanguage\":\"es\",\"potentialAction\":[{\"@type\":\"ReadAction\",\"target\":[\"https:\/\/sxpolitics.org\/es\/analises-estrategicos\/\"]}]},{\"@type\":\"ImageObject\",\"inLanguage\":\"es\",\"@id\":\"https:\/\/sxpolitics.org\/es\/analises-estrategicos\/#primaryimage\",\"url\":\"https:\/\/sxpolitics.org\/es\/wp-content\/uploads\/sites\/3\/2018\/12\/spw2018-1024x683.jpg\",\"contentUrl\":\"https:\/\/sxpolitics.org\/es\/wp-content\/uploads\/sites\/3\/2018\/12\/spw2018-1024x683.jpg\"},{\"@type\":\"BreadcrumbList\",\"@id\":\"https:\/\/sxpolitics.org\/es\/analises-estrategicos\/#breadcrumb\",\"itemListElement\":[{\"@type\":\"ListItem\",\"position\":1,\"name\":\"Home\",\"item\":\"https:\/\/sxpolitics.org\/es\/\"},{\"@type\":\"ListItem\",\"position\":2,\"name\":\"An\u00e1lisis Estrat\u00e9gico\"}]},{\"@type\":\"WebSite\",\"@id\":\"https:\/\/sxpolitics.org\/es\/#website\",\"url\":\"https:\/\/sxpolitics.org\/es\/\",\"name\":\"Sexuality Policy Watch [ES]\",\"description\":\"Un foro global compuesto por investigadores y activistas de una amplia gama de pa\u00edses y regiones del mundo.\",\"publisher\":{\"@id\":\"https:\/\/sxpolitics.org\/es\/#organization\"},\"potentialAction\":[{\"@type\":\"SearchAction\",\"target\":{\"@type\":\"EntryPoint\",\"urlTemplate\":\"https:\/\/sxpolitics.org\/es\/?s={search_term_string}\"},\"query-input\":{\"@type\":\"PropertyValueSpecification\",\"valueRequired\":true,\"valueName\":\"search_term_string\"}}],\"inLanguage\":\"es\"},{\"@type\":\"Organization\",\"@id\":\"https:\/\/sxpolitics.org\/es\/#organization\",\"name\":\"Sexuality Policy Watch [ES]\",\"url\":\"https:\/\/sxpolitics.org\/es\/\",\"logo\":{\"@type\":\"ImageObject\",\"inLanguage\":\"es\",\"@id\":\"https:\/\/sxpolitics.org\/es\/#\/schema\/logo\/image\/\",\"url\":\"https:\/\/sxpolitics.org\/es\/wp-content\/uploads\/sites\/2\/2023\/06\/logo-site.png\",\"contentUrl\":\"https:\/\/sxpolitics.org\/es\/wp-content\/uploads\/sites\/2\/2023\/06\/logo-site.png\",\"width\":4628,\"height\":1306,\"caption\":\"Sexuality Policy Watch [ES]\"},\"image\":{\"@id\":\"https:\/\/sxpolitics.org\/es\/#\/schema\/logo\/image\/\"}}]}<\/script>\n<!-- \/ Yoast SEO plugin. -->","yoast_head_json":{"title":"An\u00e1lisis Estrat\u00e9gico - Sexuality Policy Watch [ES]","robots":{"index":"index","follow":"follow","max-snippet":"max-snippet:-1","max-image-preview":"max-image-preview:large","max-video-preview":"max-video-preview:-1"},"canonical":"https:\/\/sxpolitics.org\/es\/analises-estrategicos\/","og_locale":"es_ES","og_type":"article","og_title":"An\u00e1lisis Estrat\u00e9gico - Sexuality Policy Watch [ES]","og_description":"En el marco del programa de An\u00e1lisis Estrat\u00e9gicos Transnacionales, en 2018, el Observatorio de Sexualidad y Pol\u00edtica (SPW) inici\u00f3 una nueva l\u00ednea de trabajo. Ese","og_url":"https:\/\/sxpolitics.org\/es\/analises-estrategicos\/","og_site_name":"Sexuality Policy Watch [ES]","og_image":[{"url":"https:\/\/sxpolitics.org\/es\/wp-content\/uploads\/sites\/3\/2018\/12\/spw2018-1024x683.jpg","type":"","width":"","height":""}],"twitter_card":"summary_large_image","twitter_misc":{"Tiempo de lectura":"3 minutos"},"schema":{"@context":"https:\/\/schema.org","@graph":[{"@type":"WebPage","@id":"https:\/\/sxpolitics.org\/es\/analises-estrategicos\/","url":"https:\/\/sxpolitics.org\/es\/analises-estrategicos\/","name":"An\u00e1lisis Estrat\u00e9gico - Sexuality Policy Watch [ES]","isPartOf":{"@id":"https:\/\/sxpolitics.org\/es\/#website"},"primaryImageOfPage":{"@id":"https:\/\/sxpolitics.org\/es\/analises-estrategicos\/#primaryimage"},"image":{"@id":"https:\/\/sxpolitics.org\/es\/analises-estrategicos\/#primaryimage"},"thumbnailUrl":"https:\/\/sxpolitics.org\/es\/wp-content\/uploads\/sites\/3\/2018\/12\/spw2018-1024x683.jpg","datePublished":"2015-11-04T20:54:06+00:00","breadcrumb":{"@id":"https:\/\/sxpolitics.org\/es\/analises-estrategicos\/#breadcrumb"},"inLanguage":"es","potentialAction":[{"@type":"ReadAction","target":["https:\/\/sxpolitics.org\/es\/analises-estrategicos\/"]}]},{"@type":"ImageObject","inLanguage":"es","@id":"https:\/\/sxpolitics.org\/es\/analises-estrategicos\/#primaryimage","url":"https:\/\/sxpolitics.org\/es\/wp-content\/uploads\/sites\/3\/2018\/12\/spw2018-1024x683.jpg","contentUrl":"https:\/\/sxpolitics.org\/es\/wp-content\/uploads\/sites\/3\/2018\/12\/spw2018-1024x683.jpg"},{"@type":"BreadcrumbList","@id":"https:\/\/sxpolitics.org\/es\/analises-estrategicos\/#breadcrumb","itemListElement":[{"@type":"ListItem","position":1,"name":"Home","item":"https:\/\/sxpolitics.org\/es\/"},{"@type":"ListItem","position":2,"name":"An\u00e1lisis Estrat\u00e9gico"}]},{"@type":"WebSite","@id":"https:\/\/sxpolitics.org\/es\/#website","url":"https:\/\/sxpolitics.org\/es\/","name":"Sexuality Policy Watch [ES]","description":"Un foro global compuesto por investigadores y activistas de una amplia gama de pa\u00edses y regiones del mundo.","publisher":{"@id":"https:\/\/sxpolitics.org\/es\/#organization"},"potentialAction":[{"@type":"SearchAction","target":{"@type":"EntryPoint","urlTemplate":"https:\/\/sxpolitics.org\/es\/?s={search_term_string}"},"query-input":{"@type":"PropertyValueSpecification","valueRequired":true,"valueName":"search_term_string"}}],"inLanguage":"es"},{"@type":"Organization","@id":"https:\/\/sxpolitics.org\/es\/#organization","name":"Sexuality Policy Watch [ES]","url":"https:\/\/sxpolitics.org\/es\/","logo":{"@type":"ImageObject","inLanguage":"es","@id":"https:\/\/sxpolitics.org\/es\/#\/schema\/logo\/image\/","url":"https:\/\/sxpolitics.org\/es\/wp-content\/uploads\/sites\/2\/2023\/06\/logo-site.png","contentUrl":"https:\/\/sxpolitics.org\/es\/wp-content\/uploads\/sites\/2\/2023\/06\/logo-site.png","width":4628,"height":1306,"caption":"Sexuality Policy Watch [ES]"},"image":{"@id":"https:\/\/sxpolitics.org\/es\/#\/schema\/logo\/image\/"}}]}},"_links":{"self":[{"href":"https:\/\/sxpolitics.org\/es\/wp-json\/wp\/v2\/pages\/2569","targetHints":{"allow":["GET"]}}],"collection":[{"href":"https:\/\/sxpolitics.org\/es\/wp-json\/wp\/v2\/pages"}],"about":[{"href":"https:\/\/sxpolitics.org\/es\/wp-json\/wp\/v2\/types\/page"}],"author":[{"embeddable":true,"href":"https:\/\/sxpolitics.org\/es\/wp-json\/wp\/v2\/users\/1"}],"replies":[{"embeddable":true,"href":"https:\/\/sxpolitics.org\/es\/wp-json\/wp\/v2\/comments?post=2569"}],"version-history":[{"count":0,"href":"https:\/\/sxpolitics.org\/es\/wp-json\/wp\/v2\/pages\/2569\/revisions"}],"wp:attachment":[{"href":"https:\/\/sxpolitics.org\/es\/wp-json\/wp\/v2\/media?parent=2569"}],"curies":[{"name":"wp","href":"https:\/\/api.w.org\/{rel}","templated":true}]}}